{"id":4540,"date":"2021-06-04T11:24:45","date_gmt":"2021-06-04T09:24:45","guid":{"rendered":"https:\/\/chispirit.ch\/?page_id=4540"},"modified":"2021-06-04T12:16:28","modified_gmt":"2021-06-04T10:16:28","slug":"impressum","status":"publish","type":"page","link":"https:\/\/dev.chispirit.ch\/en\/impressum\/","title":{"rendered":"Impressum"},"content":{"rendered":"<div  class=\"one withsmallpadding ppb_header\" style=\"text-align:center;padding:60px 0 60px 0;\" >\n<div class=\"standard_wrapper\">\n<div class=\"page_content_wrapper wide\">\n<div class=\"inner\">\n<div style=\"margin:auto;width:90%\">\n<h2 class=\"ppb_title\" style=\"\">Impressum<\/h2>\n<\/div>\n<\/div>\n<\/div>\n<\/div>\n<\/div>\n<div  class=\"one withsmallpadding ppb_text\" style=\"text-align:left;padding:0px 0 0px 0;\" >\n<div class=\"standard_wrapper\">\n<div class=\"page_content_wrapper wide\">\n<div class=\"inner\">\n<div style=\"margin:auto;width:100%\">\n<h4>Das Copyright von chispirit.ch und aimis.ch liegt bei:<\/h4>\n<p>AIMIS GmbH | Sch\u00e4renmoosstrasse 77, 8052 Z\u00fcrich<br \/>\nTelefon\u00a0<span class=\"number\">+41 (0) 44 203 7378<\/span><br \/>\nEmail <a>info@aimis.ch<\/a><\/p>\n<p style=\"text-align:justify;\"><strong>Gesch\u00e4ftsf\u00fchrerin:<\/strong>\u00a0Ying Liu<\/p>\n<p><strong>Register:<\/strong>\u00a0Handelsregister des Kantons Z\u00fcrich<\/p>\n<p><strong>Registernummer:<\/strong> CHE-419.879.992<\/p>\n<p style=\"text-align: justify\">S\u00e4mtliche Inhalte der Seiten von chispirit.ch und aimis.ch unterliegen der Schweizerischen Gesetzgebung f\u00fcr Urheberrechte und geistiges Eigentum. Das schliesst die Wiedergabe unserer Site als Ganzes oder in Teilen, egal auf welchem Medium, aus. Klare Verlinkungen in eigenen Fenstern sind dagegen statthaft, sofern die Verwendung dem oben Erw\u00e4hnten entspricht. Andere Verwendungen bed\u00fcrfen der ausdr\u00fccklichen schriftlichen Zustimmung der AIMIS GmbH.<\/p>\n<h4>Haftungsausschuss<\/h4>\n<p style=\"text-align: justify\">Alle Angaben auf dieser Website sind gepr\u00fcft und erfolgen nach bestem Wissen und Gewissen. Eine Garantie f\u00fcr Vollst\u00e4ndigkeit, Richtigkeit und letzte Aktualit\u00e4t kann jedoch nicht \u00fcbernommen werden, weder f\u00fcr die vorliegende Website chispirit.ch und aimis.ch und noch f\u00fcr solche, die via angegebener Links zug\u00e4nglich sind.<\/p>\n<\/div>\n<\/div>\n<\/div>\n<\/div>\n<\/div>\n<div class=\"divider one\">&nbsp;<\/div>\n<div class=\"divider one\">&nbsp;<\/div>\n<div class=\"standard_wrapper\">\n<div class=\"one withsmallpadding ppb_line_divider\"  style=\"text-align:center;padding:0px 0 0px 0;\" >\n<div class=\"page_content_wrapper wide\">\n<div class=\"inner\">\n<div class=\"line_divider_border\" style=\"width:100px;\"><\/div>\n<div class=\"line_divider_seperator\"><i class=\"fa fa-leaf\" style=\"color:#efa697;\"><\/i><\/div>\n<div class=\"line_divider_border\" style=\"width:100px;\"><\/div>\n<\/div>\n<\/div>\n<\/div>\n<\/div>\n<div class=\"divider one\">&nbsp;<\/div>\n<div class=\"divider one\">&nbsp;<\/div>\n<div class=\"divider one\">&nbsp;<\/div>\n<div class=\"divider one\">&nbsp;<\/div>","protected":false},"excerpt":{"rendered":"<p>Impressum Das Copyright von chispirit.ch und aimis.ch liegt bei: AIMIS GmbH | Sch\u00e4renmoosstrasse 77, 8052 Z\u00fcrich Telefon\u00a0+41 (0) 44 203 7378 Email info@aimis.ch Gesch\u00e4ftsf\u00fchrerin:\u00a0Ying Liu Register:\u00a0Handelsregister des Kantons Z\u00fcrich Registernummer: CHE-419.879.992 S\u00e4mtliche Inhalte der Seiten von chispirit.ch und aimis.ch unterliegen [&hellip;]<\/p>","protected":false},"author":1,"featured_media":3750,"parent":0,"menu_order":0,"comment_status":"closed","ping_status":"closed","template":"","meta":{"footnotes":""},"class_list":["post-4540","page","type-page","status-publish","has-post-thumbnail","hentry"],"_links":{"self":[{"href":"https:\/\/dev.chispirit.ch\/en\/wp-json\/wp\/v2\/pages\/4540","targetHints":{"allow":["GET"]}}],"collection":[{"href":"https:\/\/dev.chispirit.ch\/en\/wp-json\/wp\/v2\/pages"}],"about":[{"href":"https:\/\/dev.chispirit.ch\/en\/wp-json\/wp\/v2\/types\/page"}],"author":[{"embeddable":true,"href":"https:\/\/dev.chispirit.ch\/en\/wp-json\/wp\/v2\/users\/1"}],"replies":[{"embeddable":true,"href":"https:\/\/dev.chispirit.ch\/en\/wp-json\/wp\/v2\/comments?post=4540"}],"version-history":[{"count":0,"href":"https:\/\/dev.chispirit.ch\/en\/wp-json\/wp\/v2\/pages\/4540\/revisions"}],"wp:featuredmedia":[{"embeddable":true,"href":"https:\/\/dev.chispirit.ch\/en\/wp-json\/wp\/v2\/media\/3750"}],"wp:attachment":[{"href":"https:\/\/dev.chispirit.ch\/en\/wp-json\/wp\/v2\/media?parent=4540"}],"curies":[{"name":"wp","href":"https:\/\/api.w.org\/{rel}","templated":true}]}}