{"id":4267,"date":"2021-06-02T10:10:57","date_gmt":"2021-06-02T08:10:57","guid":{"rendered":"https:\/\/chispirit.ch\/?page_id=4267"},"modified":"2021-06-02T10:20:05","modified_gmt":"2021-06-02T08:20:05","slug":"rueckennackenschultermassage","status":"publish","type":"page","link":"https:\/\/dev.chispirit.ch\/en\/rueckennackenschultermassage\/","title":{"rendered":"Back, Neck and Shoulder Massage"},"content":{"rendered":"<div  class=\"one withsmallpadding ppb_header\" style=\"text-align:center;padding:0px 0 0px 0;margin-top:60px;margin-bottom:40px;\" >\n<div class=\"standard_wrapper\">\n<div class=\"page_content_wrapper wide\">\n<div class=\"inner\">\n<div style=\"margin:auto;width:90%\">\n<h2 class=\"ppb_title\" style=\"\">Back, Neck and Shoulder Massage<\/h2>\n<div class=\"page_tagline\" style=\"\">HEAL, RELAX AND REFRESH<\/div>\n<\/div>\n<\/div>\n<\/div>\n<\/div>\n<\/div>\n<div  class=\"one withsmallpadding ppb_text\" style=\"paddingtext-align:left;padding:10px 0 10px 0;\" >\n<div class=\"standard_wrapper\">\n<div class=\"page_content_wrapper wide\">\n<div class=\"inner\">\n<div style=\"margin:auto;width:100%\">\n<h4><strong>BACK, NECK AND SHOULDER MASSAGE<\/strong><\/h4>\n<p style=\"text-align: justify;\">An office job, improper posture, or physical work can all lead to back, neck, and shoulder pain. A back, neck and shoulder massage specially designed for problem areas with muscle tension. Advanced massage techniques used to relieve the stresses caused by daily life, relax muscles, and keep joints, tendons and ligaments flexible to help strengthen your circulation. The massage not only makes you feel exceptionally good, but also relaxed and invigorated. A back, neck and shoulder massage is the perfect midday treatment that is inexpensive and efficient. Let's not forget that this relaxing massage is really a wonderful massage for long-term well-being, even if you are not in pain.<\/p>\n<h4><strong>WHAT TO EXPECT FROM A BACK, NECK AND SHOULDER MASSAGE?<\/strong><\/h4>\n<p style=\"text-align: justify;\">A back massage usually lasts between 20 and 30 minutes. If you don't like table massages and want to stay fully clothed during lunchtime, you can sit on a chair. Your therapist will focus on relieving pressure in the neck, shoulders, and back using a range of Shiatsu, Tui Na, and acupressure techniques so you can be sure that you are getting the best in the business. No oils, perfumes or special products are used during the massage so your boss is no smarter!<\/p>\n<p>Health is wealth, after all, and a back, neck, and shoulder massage provides just that: wellbeing so you can feel rejuvenated and ready to go back to work.<\/p>\n<h4><strong>BENEFITS OF THE BACK, NECK AND SHOULDER MASSAGE INCLUDE:<\/strong><\/h4>\n<ul style=\"color: #8c807f;\">\n<li>Improved feeling of relaxation and contentment<\/li>\n<li>Relief of pain, e.g. B. headaches and back pain as well as stress and tension<\/li>\n<li>By releasing endorphins, the body hormones feel good<\/li>\n<li>Improved blood and lymph circulation<\/li>\n<li>Increased energy level and feeling of vitality<\/li>\n<li>Recovery from injuries<\/li>\n<li>A general feeling of health and wellbeing<\/li>\n<\/ul>\n<p style=\"text-align: justify;\">The infrared lamp increases blood flow and warms the tissues, which warms the muscles to aid massage and relieve muscle pain. The main purpose of massage is to increase the flow of oxygen in the blood and release toxins from the muscles. The massage flushes the tissues of harmful deposits such as lactic acid, uric acid and other metabolic wastes, which improves recovery time after muscle tension.<\/p>\n<\/div>\n<\/div>\n<\/div>\n<\/div>\n<\/div>\n<div class=\"divider one\">&nbsp;<\/div>\n<div class=\"standard_wrapper\">\n<div class=\"one withsmallpadding ppb_line_divider\"  style=\"text-align:center;padding:0px 0 0px 0;margin-bottom:20px;\" >\n<div class=\"page_content_wrapper wide\">\n<div class=\"inner\">\n<div class=\"line_divider_border\" style=\"width:100px;\"><\/div>\n<div class=\"line_divider_seperator\"><i class=\"fa fa-leaf\" style=\"color:#efa697;\"><\/i><\/div>\n<div class=\"line_divider_border\" style=\"width:100px;\"><\/div>\n<\/div>\n<\/div>\n<\/div>\n<\/div>\n<div  class=\"one ppb_card_two_cols_with_image ppb_pricing_card_with_image\" style=\"position:relative;padding:20px 0 20px 0;\" >\n<div class=\"standard_wrapper\">\n<div class=\"page_content_wrapper wide\">\n<div class=\"inner\">\n<div class=\"one_half parallax_scroll_image\" style=\"width:65%;\">\n<div class=\"image_classic_frame expand\">\n<div class=\"image_wrapper\"><img decoding=\"async\" src=\"https:\/\/dev.chispirit.ch\/wp-content\/uploads\/2017\/06\/KURSHI-SPA-KIDS.jpg\" alt=\"\" class=\"portfolio_img\"\/><\/div>\n<\/div>\n<\/div>\n<div class=\"one_half last parallax_scroll parallax_text\" style=\"width:40%;position:absolute;padding:20px;background:#fff;\" data-stellar-ratio=\"1.3\">\n<h2 class=\"ppb_title\" style=\"\">Price<\/h2>\n<div class=\"line_divider_border theme_border\" style=\"width:50px;\"><\/div>\n<div class=\"line_divider_seperator\"><i class=\"fa fa-leaf skin_color\"><\/i><\/div>\n<div class=\"line_divider_border theme_border\" style=\"width:50px;\"><\/div>\n<div class=\"pricing_wrapper themeborder\">\n<div class=\"pricing_title_wrapper\">Back, Neck and Shoulder Massage<\/div>\n<div class=\"pricing_title_price skin_color\">CHF75.00<\/div>\n<div class=\"pricing_excerpt_wrapper\">25 Minuten<\/div>\n<\/div>\n<\/div>\n<p><br class=\"clear\"\/><\/div>\n<\/div>\n<\/div>\n<\/div>\n<div class=\"divider one\">&nbsp;<\/div>","protected":false},"excerpt":{"rendered":"<p>R\u00fccken, Nacken und Schulter Massage heilen, entspannen und erfrischen R\u00dcCKEN-, NACKEN- UND SCHULTERMASSAGE Ein B\u00fcrojob, eine falsche Haltung oder k\u00f6rperliche Arbeit k\u00f6nnen zu R\u00fccken-, Nacken- und Schulterschmerzen f\u00fchren. Eine R\u00fccken-, Nacken- und Schultermassage speziell auf Problembereiche von Muskelverspannungen ausgerichtet. Fortgeschrittene [&hellip;]<\/p>","protected":false},"author":1,"featured_media":3078,"parent":0,"menu_order":0,"comment_status":"closed","ping_status":"closed","template":"","meta":{"footnotes":""},"class_list":["post-4267","page","type-page","status-publish","has-post-thumbnail","hentry"],"_links":{"self":[{"href":"https:\/\/dev.chispirit.ch\/en\/wp-json\/wp\/v2\/pages\/4267","targetHints":{"allow":["GET"]}}],"collection":[{"href":"https:\/\/dev.chispirit.ch\/en\/wp-json\/wp\/v2\/pages"}],"about":[{"href":"https:\/\/dev.chispirit.ch\/en\/wp-json\/wp\/v2\/types\/page"}],"author":[{"embeddable":true,"href":"https:\/\/dev.chispirit.ch\/en\/wp-json\/wp\/v2\/users\/1"}],"replies":[{"embeddable":true,"href":"https:\/\/dev.chispirit.ch\/en\/wp-json\/wp\/v2\/comments?post=4267"}],"version-history":[{"count":0,"href":"https:\/\/dev.chispirit.ch\/en\/wp-json\/wp\/v2\/pages\/4267\/revisions"}],"wp:featuredmedia":[{"embeddable":true,"href":"https:\/\/dev.chispirit.ch\/en\/wp-json\/wp\/v2\/media\/3078"}],"wp:attachment":[{"href":"https:\/\/dev.chispirit.ch\/en\/wp-json\/wp\/v2\/media?parent=4267"}],"curies":[{"name":"wp","href":"https:\/\/api.w.org\/{rel}","templated":true}]}}