{"id":4262,"date":"2021-06-02T10:07:36","date_gmt":"2021-06-02T08:07:36","guid":{"rendered":"https:\/\/chispirit.ch\/?page_id=4262"},"modified":"2021-06-06T21:45:25","modified_gmt":"2021-06-06T19:45:25","slug":"fussreflexzonenmassage","status":"publish","type":"page","link":"https:\/\/dev.chispirit.ch\/en\/fussreflexzonenmassage\/","title":{"rendered":"Reflexology"},"content":{"rendered":"<div  class=\"one withsmallpadding ppb_header\" style=\"text-align:center;padding:0px 0 0px 0;margin-top:60px;margin-bottom:40px;\" >\n<div class=\"standard_wrapper\">\n<div class=\"page_content_wrapper wide\">\n<div class=\"inner\">\n<div style=\"margin:auto;width:90%\">\n<h2 class=\"ppb_title\" style=\"\">Reflexology<\/h2>\n<div class=\"page_tagline\" style=\"\">A HOLISTIC TREATMENT<\/div>\n<\/div>\n<\/div>\n<\/div>\n<\/div>\n<\/div>\n<div  class=\"one withsmallpadding ppb_text\" style=\"paddingtext-align:left;padding:10px 0 10px 0;\" >\n<div class=\"standard_wrapper\">\n<div class=\"page_content_wrapper wide\">\n<div class=\"inner\">\n<div style=\"margin:auto;width:100%\">\n<h4><strong>WHAT IS FOOT REFLEXOLOGY?<\/strong><\/h4>\n<p style=\"text-align: justify;\">Reflexology is an ancient and pleasant healing method. Beyond the feel-good effects of treatment, practice and purpose go deeper than skin and muscles, where the soft ball of the foot is kneaded, pulled by the toe, pulled around the heel and pushed deep into the arch of the foot. Your reflexologist will stimulate much more than just a foot massage, and will stimulate points on your feet that correspond to specific organs and glands.<\/p>\n<p>Our feet, which carry the weight of the whole body, enable locomotion and do a lot of work. Still, they are the least spoiled part of the body. To pamper your feet and keep them strong and flexible, a daily foot massage for a few minutes is a great option.<\/p>\n<h4><strong>HOW DOES THE FOOT REFLEXOLOGY MASSAGE WORK?<\/strong><\/h4>\n<p style=\"text-align: justify;\">Reflexology can treat anything from headaches to sinus problems to stomach problems. If tenderness or tenderness occurs when stimulating an area, it usually indicates physical weaknesses or imbalances within that organ. Through repeated pressure and manipulation of the nerve endings, reflexology can help clear all channels of blocked energy. It's supposed to do this by moving the flow of blood, nutrients, and nerve impulses. This ultimately improves overall health and balance.<\/p>\n<h4><strong>BENEFITS OF FOOT REFLEXOLOGY:<\/strong><\/h4>\n<\/div>\n<\/div>\n<\/div>\n<\/div>\n<\/div>\n<div class=\"standard_wrapper\">\n<div  class=\"one_third withsmallpadding ppb_text\" style=\"text-align:left;padding:5px 0 5px 0;\" >\n<div class=\"standard_wrapper\">\n<div class=\"page_content_wrapper wide\">\n<div class=\"inner\">\n<div style=\"margin:auto;width:80%\">\n<ul style=\"color: #8c807f;\">\n<li>Cleans the body of toxins<\/li>\n<li>Boosts the immune system<\/li>\n<li>Promotes healing<\/li>\n<li>Balance energy<\/li>\n<li>Promotes better sleep<\/li>\n<\/ul>\n<\/div>\n<\/div>\n<\/div>\n<\/div>\n<\/div>\n<\/div>\n<div class=\"standard_wrapper\">\n<div  class=\"one_third withsmallpadding ppb_text\" style=\"text-align:left;padding:5px 0 5px 0;\" >\n<div class=\"standard_wrapper\">\n<div class=\"page_content_wrapper wide\">\n<div class=\"inner\">\n<div style=\"margin:auto;width:80%\">\n<ul style=\"color: #8c807f;\">\n<li>Improves blood circulation<\/li>\n<li>Helps you relax<\/li>\n<li>Fights depression<\/li>\n<li>Relieves pain<\/li>\n<li>Makes your feet healthier<\/li>\n<\/ul>\n<\/div>\n<\/div>\n<\/div>\n<\/div>\n<\/div>\n<\/div>\n<div class=\"standard_wrapper\">\n<div  class=\"one_third last withsmallpadding ppb_text\" style=\"text-align:left;padding:5px 0 5px 0;\" >\n<div class=\"standard_wrapper\">\n<div class=\"page_content_wrapper wide\">\n<div class=\"inner\">\n<div style=\"margin:auto;width:80%\">\n<ul style=\"color: #8c807f;\">\n<li>Lindert Payment<\/li>\n<li>Restless legs syndrome<\/li>\n<li>Lowers blood pressure<\/li>\n<li>Relieves premenstrual syndrome (PMS) and menopausal symptoms<\/li>\n<\/ul>\n<\/div>\n<\/div>\n<\/div>\n<\/div>\n<\/div>\n<\/div>\n<div class=\"divider one\">&nbsp;<\/div>\n<div class=\"standard_wrapper\">\n<div class=\"one withsmallpadding ppb_line_divider\"  style=\"text-align:center;padding:0px 0 0px 0;margin-bottom:20px;\" >\n<div class=\"page_content_wrapper wide\">\n<div class=\"inner\">\n<div class=\"line_divider_border\" style=\"width:100px;\"><\/div>\n<div class=\"line_divider_seperator\"><i class=\"fa fa-leaf\" style=\"color:#efa697;\"><\/i><\/div>\n<div class=\"line_divider_border\" style=\"width:100px;\"><\/div>\n<\/div>\n<\/div>\n<\/div>\n<\/div>\n<div  class=\"one ppb_card_two_cols_with_image ppb_pricing_card_with_image\" style=\"position:relative;padding:20px 0 20px 0;\" >\n<div class=\"standard_wrapper\">\n<div class=\"page_content_wrapper wide\">\n<div class=\"inner\">\n<div class=\"one_half parallax_scroll_image\" style=\"width:65%;\">\n<div class=\"image_classic_frame expand\">\n<div class=\"image_wrapper\"><img decoding=\"async\" src=\"https:\/\/dev.chispirit.ch\/wp-content\/uploads\/2021\/05\/Fussreflexzonenmassage.jpg\" alt=\"\" class=\"portfolio_img\"\/><\/div>\n<\/div>\n<\/div>\n<div class=\"one_half last parallax_scroll parallax_text\" style=\"width:40%;position:absolute;padding:20px;background:#fff;\" data-stellar-ratio=\"1.3\">\n<h2 class=\"ppb_title\" style=\"\">Medical Massage Treatments<\/h2>\n<div class=\"line_divider_border theme_border\" style=\"width:50px;\"><\/div>\n<div class=\"line_divider_seperator\"><i class=\"fa fa-leaf skin_color\"><\/i><\/div>\n<div class=\"line_divider_border theme_border\" style=\"width:50px;\"><\/div>\n<p><br class=\"clear\"\/><\/div>\n<\/div>\n<\/div>\n<\/div>\n<div class=\"divider one\">&nbsp;<\/div>","protected":false},"excerpt":{"rendered":"<p>Fu\u00dfreflexzonenmassage eine Ganzheitliche Behandlung WAS IST FUSSREFLEXZONENMASSAGE? Fu\u00dfreflexzonenmassage ist eine alte und angenehme Heilmethode. \u00dcber die Wohlf\u00fchleffekte der Behandlung hinaus gehen \u00dcbung und Zweck tiefer als Haut und Muskeln, bei denen der weiche Fu\u00dfballen geknetet, an den Zehen gezogen, um [&hellip;]<\/p>","protected":false},"author":1,"featured_media":3078,"parent":0,"menu_order":0,"comment_status":"closed","ping_status":"closed","template":"","meta":{"footnotes":""},"class_list":["post-4262","page","type-page","status-publish","has-post-thumbnail","hentry"],"_links":{"self":[{"href":"https:\/\/dev.chispirit.ch\/en\/wp-json\/wp\/v2\/pages\/4262","targetHints":{"allow":["GET"]}}],"collection":[{"href":"https:\/\/dev.chispirit.ch\/en\/wp-json\/wp\/v2\/pages"}],"about":[{"href":"https:\/\/dev.chispirit.ch\/en\/wp-json\/wp\/v2\/types\/page"}],"author":[{"embeddable":true,"href":"https:\/\/dev.chispirit.ch\/en\/wp-json\/wp\/v2\/users\/1"}],"replies":[{"embeddable":true,"href":"https:\/\/dev.chispirit.ch\/en\/wp-json\/wp\/v2\/comments?post=4262"}],"version-history":[{"count":4,"href":"https:\/\/dev.chispirit.ch\/en\/wp-json\/wp\/v2\/pages\/4262\/revisions"}],"predecessor-version":[{"id":4634,"href":"https:\/\/dev.chispirit.ch\/en\/wp-json\/wp\/v2\/pages\/4262\/revisions\/4634"}],"wp:featuredmedia":[{"embeddable":true,"href":"https:\/\/dev.chispirit.ch\/en\/wp-json\/wp\/v2\/media\/3078"}],"wp:attachment":[{"href":"https:\/\/dev.chispirit.ch\/en\/wp-json\/wp\/v2\/media?parent=4262"}],"curies":[{"name":"wp","href":"https:\/\/api.w.org\/{rel}","templated":true}]}}