{"id":4258,"date":"2021-06-02T10:06:35","date_gmt":"2021-06-02T08:06:35","guid":{"rendered":"https:\/\/chispirit.ch\/?page_id=4258"},"modified":"2021-06-06T22:01:41","modified_gmt":"2021-06-06T20:01:41","slug":"schwangerschaftsmassage","status":"publish","type":"page","link":"https:\/\/dev.chispirit.ch\/en\/schwangerschaftsmassage\/","title":{"rendered":"Pregnancy Massage"},"content":{"rendered":"<div  class=\"one withsmallpadding ppb_header\" style=\"text-align:center;padding:0px 0 0px 0;margin-top:60px;margin-bottom:40px;\" >\n<div class=\"standard_wrapper\">\n<div class=\"page_content_wrapper wide\">\n<div class=\"inner\">\n<div style=\"margin:auto;width:90%\">\n<h2 class=\"ppb_title\" style=\"\">Pregnancy Massage<\/h2>\n<div class=\"page_tagline\" style=\"\">A HOLISTIC TREATMENT<\/div>\n<\/div>\n<\/div>\n<\/div>\n<\/div>\n<\/div>\n<div  class=\"one withsmallpadding ppb_text\" style=\"paddingtext-align:left;padding:10px 0 10px 0;\" >\n<div class=\"standard_wrapper\">\n<div class=\"page_content_wrapper wide\">\n<div class=\"inner\">\n<div style=\"margin:auto;width:100%\">\n<h4><strong>HOW DOES PREGNANCY MASSAGE WORK?<\/strong><\/h4>\n<p style=\"text-align: justify;\">Massage during pregnancy can involve many different massage techniques. It's usually a gentle massage. A pregnant person's body must be properly positioned and supported during massage to ensure the comfort and safety of the mother and the growing baby. During a prenatal massage, you will usually lie on your side rather than on your stomach or back. This is especially important in the later stages of pregnancy. Pillows or pads can be used to support your back, knees, and \/ or feet. Alternatively, your massage therapist may suggest that you sit upright or in a semi-recumbent position.<\/p>\n<h4><strong>BENEFITS OF PREGNANCY MASSAGE:<\/strong><\/h4>\n<p style=\"text-align: justify;\">While every pregnancy is unique, the changes in the body as a baby grows often cause discomfort. Prenatal massage can be especially useful for relieving discomfort when you are unable to use some medications or other medical options.<\/p>\n<p>A prenatal massage offers many advantages:<\/p>\n<\/div>\n<\/div>\n<\/div>\n<\/div>\n<\/div>\n<div class=\"standard_wrapper\">\n<div  class=\"one_half withsmallpadding ppb_text\" style=\"text-align:left;padding:5px 0 5px 0;\" >\n<div class=\"standard_wrapper\">\n<div class=\"page_content_wrapper wide\">\n<div class=\"inner\">\n<div style=\"margin:auto;width:80%\">\n<ul style=\"color: #8c807f;\">\n<li>Improves the quality of sleep<\/li>\n<li>Reduces stress and anxiety<\/li>\n<li>Reduces swelling in the joints<\/li>\n<li>Relieves muscle pain and cramps<\/li>\n<li>Reduces nerve pain<\/li>\n<li>Reduces the risk of premature birth<\/li>\n<li>Reduces the baby's stress hormones<\/li>\n<\/ul>\n<\/div>\n<\/div>\n<\/div>\n<\/div>\n<\/div>\n<\/div>\n<div class=\"standard_wrapper\">\n<div  class=\"one_half last withsmallpadding ppb_text\" style=\"text-align:left;padding:5px 0 5px 0;\" >\n<div class=\"standard_wrapper\">\n<div class=\"page_content_wrapper wide\">\n<div class=\"inner\">\n<div style=\"margin:auto;width:80%\">\n<ul style=\"color: #8c807f;\">\n<li>Increases blood flow to the body<\/li>\n<li>Improves skin elasticity<\/li>\n<li>An overall improvement in mood<\/li>\n<li>Reduces edema<\/li>\n<li>Reduces muscle tension and headaches<\/li>\n<li>improve the lymphatic system<\/li>\n<\/ul>\n<\/div>\n<\/div>\n<\/div>\n<\/div>\n<\/div>\n<\/div>\n<div  class=\"one withsmallpadding ppb_text\" style=\"text-align:left;padding:10px 0 10px 0;\" >\n<div class=\"standard_wrapper\">\n<div class=\"page_content_wrapper wide\">\n<div class=\"inner\">\n<div style=\"margin:auto;width:100%\">\n<p style=\"text-align: justify;\">Prenatal massage during labor has also been shown to be very effective in relieving pain and enhancing your emotional labor experience.<\/p>\n<\/div>\n<\/div>\n<\/div>\n<\/div>\n<\/div>\n<div class=\"divider one\">&nbsp;<\/div>\n<div class=\"standard_wrapper\">\n<div class=\"one withsmallpadding ppb_line_divider\"  style=\"text-align:center;padding:0px 0 0px 0;margin-bottom:20px;\" >\n<div class=\"page_content_wrapper wide\">\n<div class=\"inner\">\n<div class=\"line_divider_border\" style=\"width:100px;\"><\/div>\n<div class=\"line_divider_seperator\"><i class=\"fa fa-leaf\" style=\"color:#efa697;\"><\/i><\/div>\n<div class=\"line_divider_border\" style=\"width:100px;\"><\/div>\n<\/div>\n<\/div>\n<\/div>\n<\/div>\n<div  class=\"one ppb_card_two_cols_with_image ppb_pricing_card_with_image\" style=\"position:relative;padding:20px 0 20px 0;\" >\n<div class=\"standard_wrapper\">\n<div class=\"page_content_wrapper wide\">\n<div class=\"inner\">\n<div class=\"one_half parallax_scroll_image\" style=\"width:65%;\">\n<div class=\"image_classic_frame expand\">\n<div class=\"image_wrapper\"><img decoding=\"async\" src=\"https:\/\/dev.chispirit.ch\/wp-content\/uploads\/2021\/06\/Schwangerschaftsmassage02.jpg\" alt=\"\" class=\"portfolio_img\"\/><\/div>\n<\/div>\n<\/div>\n<div class=\"one_half last parallax_scroll parallax_text\" style=\"width:40%;position:absolute;padding:20px;background:#fff;\" data-stellar-ratio=\"1.3\">\n<h2 class=\"ppb_title\" style=\"\">Medical Massage Treatments<\/h2>\n<div class=\"line_divider_border theme_border\" style=\"width:50px;\"><\/div>\n<div class=\"line_divider_seperator\"><i class=\"fa fa-leaf skin_color\"><\/i><\/div>\n<div class=\"line_divider_border theme_border\" style=\"width:50px;\"><\/div>\n<div class=\"pricing_wrapper themeborder\">\n<div class=\"pricing_title_wrapper\">Pregnancy Massage<\/div>\n<div class=\"pricing_title_price skin_color\">CHF90.00<\/div>\n<div class=\"pricing_excerpt_wrapper\">30 MINUTEN<\/div>\n<\/div>\n<div class=\"pricing_wrapper themeborder\">\n<div class=\"pricing_title_wrapper\">Pregnancy Massage<\/div>\n<div class=\"pricing_title_price skin_color\">CHF168.00<\/div>\n<div class=\"pricing_excerpt_wrapper\">60 Minutes<\/div>\n<\/div>\n<\/div>\n<p><br class=\"clear\"\/><\/div>\n<\/div>\n<\/div>\n<\/div>\n<div class=\"divider one\">&nbsp;<\/div>","protected":false},"excerpt":{"rendered":"<p>Schwangerschaftsmassage eine Ganzheitliche Behandlung WIE FUNKTIONIERT DIE SCHWANGERSCHAFTSMASSAGE? Massage in der Schwangerschaft kann viele verschiedene Massagetechniken beinhalten. Es ist normalerweise eine sanfte Massage. Der K\u00f6rper einer schwangeren Person muss w\u00e4hrend der Massage richtig positioniert und gest\u00fctzt werden, um den Komfort [&hellip;]<\/p>","protected":false},"author":1,"featured_media":3078,"parent":0,"menu_order":0,"comment_status":"closed","ping_status":"closed","template":"","meta":{"footnotes":""},"class_list":["post-4258","page","type-page","status-publish","has-post-thumbnail","hentry"],"_links":{"self":[{"href":"https:\/\/dev.chispirit.ch\/en\/wp-json\/wp\/v2\/pages\/4258","targetHints":{"allow":["GET"]}}],"collection":[{"href":"https:\/\/dev.chispirit.ch\/en\/wp-json\/wp\/v2\/pages"}],"about":[{"href":"https:\/\/dev.chispirit.ch\/en\/wp-json\/wp\/v2\/types\/page"}],"author":[{"embeddable":true,"href":"https:\/\/dev.chispirit.ch\/en\/wp-json\/wp\/v2\/users\/1"}],"replies":[{"embeddable":true,"href":"https:\/\/dev.chispirit.ch\/en\/wp-json\/wp\/v2\/comments?post=4258"}],"version-history":[{"count":5,"href":"https:\/\/dev.chispirit.ch\/en\/wp-json\/wp\/v2\/pages\/4258\/revisions"}],"predecessor-version":[{"id":4660,"href":"https:\/\/dev.chispirit.ch\/en\/wp-json\/wp\/v2\/pages\/4258\/revisions\/4660"}],"wp:featuredmedia":[{"embeddable":true,"href":"https:\/\/dev.chispirit.ch\/en\/wp-json\/wp\/v2\/media\/3078"}],"wp:attachment":[{"href":"https:\/\/dev.chispirit.ch\/en\/wp-json\/wp\/v2\/media?parent=4258"}],"curies":[{"name":"wp","href":"https:\/\/api.w.org\/{rel}","templated":true}]}}