{"id":4242,"date":"2021-06-02T10:03:04","date_gmt":"2021-06-02T08:03:04","guid":{"rendered":"https:\/\/chispirit.ch\/?page_id=4242"},"modified":"2021-06-06T21:51:37","modified_gmt":"2021-06-06T19:51:37","slug":"bindegewebsmassage","status":"publish","type":"page","link":"https:\/\/dev.chispirit.ch\/en\/bindegewebsmassage\/","title":{"rendered":"Connective Tissue Massage"},"content":{"rendered":"<div  class=\"one withsmallpadding ppb_header\" style=\"text-align:left;padding:30px 0 30px 0;\" >\n<div class=\"standard_wrapper\">\n<div class=\"page_content_wrapper wide\">\n<div class=\"inner\">\n<div style=\"margin:auto;width:100%\">\n<h2 class=\"ppb_title\" style=\"\">Connective Tissue Massage<\/h2>\n<\/div>\n<\/div>\n<\/div>\n<\/div>\n<\/div>\n<div  class=\"one withsmallpadding ppb_text\" style=\"text-align:left;padding:30px 0 30px 0;\" >\n<div class=\"standard_wrapper\">\n<div class=\"page_content_wrapper wide\">\n<div class=\"inner\">\n<div style=\"margin:auto;width:100%\">\n<h4><strong>WHAT IS CONNECTIVE TISSUE MASSAGE?<\/strong><\/h4>\n<p style=\"text-align: justify;\">The connective tissue massage affects the body cover. This therapy treats the skin, subcutaneous tissue, muscle fascia, ligaments and tendons. The connective tissue massage is based on natural stimulation of the central nervous system and the entire hormonal system. It also has a reflex effect on the function of the internal organs.<\/p>\n<p>The patients are treated with mechanical stretching stimuli and with the help of specific manual therapy. The idea behind these techniques is that the treatment not only triggers local effects, but: Via nerve stimuli such as reflexes, remote effects can also be achieved on internal organs. The connective tissue massage differs significantly from all other techniques that work with reflex zones in one fundamental main characteristic: tension and pressure on the skin and subcutaneous connective tissue are exerted carefully.<\/p>\n<h4><strong>ADVANTAGES OF CONNECTIVE TISSUE MASSAGE:<\/strong><\/h4>\n<ul style=\"color: #8c807f;padding-top:10px;\">\n<li>arterial and venous circulatory disorders<\/li>\n<li>Diseases of the heart<\/li>\n<li>Respiratory diseases<\/li>\n<li>Kidney and urinary tract diseases<\/li>\n<li>Digestive system disorders<\/li>\n<li>Nervous system disorders<\/li>\n<li>rheumatic sciatica shape circles<\/li>\n<li>gynecological diseases<\/li>\n<\/ul>\n<p style=\"text-align: justify;\">also in all post-operative, post-traumatic orthopedic cases such as fractures, disc damage, osteoporosis, arthrosis, paralysis, acute lower back pain.<\/p>\n<\/div>\n<\/div>\n<\/div>\n<\/div>\n<\/div>\n<div  class=\"one withsmallpadding ppb_text\" style=\"text-align:left;padding:30px 0 30px 0;\" >\n<div class=\"standard_wrapper\">\n<div class=\"page_content_wrapper wide\">\n<div class=\"inner\">\n<div style=\"margin:auto;width:100%\">\n<h4><strong>WHAT IS CONNECTIVE TISSUE MASSAGE?<\/strong><\/h4>\n<p style=\"text-align: justify;\">The connective tissue massage affects the body cover. This therapy treats the skin, subcutaneous tissue, muscle fascia, ligaments and tendons. The connective tissue massage is based on natural stimulation of the central nervous system and the entire hormonal system. It also has a reflex effect on the function of the internal organs.<\/p>\n<p>The patients are treated with mechanical stretching stimuli and with the help of specific manual therapy. The idea behind these techniques is that the treatment not only triggers local effects, but: Via nerve stimuli such as reflexes, remote effects can also be achieved on internal organs. The connective tissue massage differs significantly from all other techniques that work with reflex zones in one fundamental main characteristic: tension and pressure on the skin and subcutaneous connective tissue are exerted carefully.<\/p>\n<h4><strong>ADVANTAGES OF CONNECTIVE TISSUE MASSAGE:<\/strong><\/h4>\n<ul style=\"color: #8c807f;padding-top:10px;\">\n<li>arterial and venous circulatory disorders<\/li>\n<li>Diseases of the heart<\/li>\n<li>Respiratory diseases<\/li>\n<li>Kidney and urinary tract diseases<\/li>\n<li>Digestive system disorders<\/li>\n<li>Nervous system disorders<\/li>\n<li>rheumatic sciatica shape circles<\/li>\n<li>gynecological diseases<\/li>\n<\/ul>\n<p style=\"text-align: justify;\">also in all post-operative, post-traumatic orthopedic cases such as fractures, disc damage, osteoporosis, arthrosis, paralysis, acute lower back pain.<\/p>\n<\/div>\n<\/div>\n<\/div>\n<\/div>\n<\/div>\n<div  class=\"one withsmallpadding ppb_text\" style=\"text-align:left;padding:30px 0 30px 0;\" >\n<div class=\"standard_wrapper\">\n<div class=\"page_content_wrapper wide\">\n<div class=\"inner\">\n<div style=\"margin:auto;width:100%\">\n<h4><strong>WHAT IS CONNECTIVE TISSUE MASSAGE?<\/strong><\/h4>\n<p style=\"text-align: justify;\">The connective tissue massage affects the body cover. This therapy treats the skin, subcutaneous tissue, muscle fascia, ligaments and tendons. The connective tissue massage is based on natural stimulation of the central nervous system and the entire hormonal system. It also has a reflex effect on the function of the internal organs.<\/p>\n<p>The patients are treated with mechanical stretching stimuli and with the help of specific manual therapy. The idea behind these techniques is that the treatment not only triggers local effects, but: Via nerve stimuli such as reflexes, remote effects can also be achieved on internal organs. The connective tissue massage differs significantly from all other techniques that work with reflex zones in one fundamental main characteristic: tension and pressure on the skin and subcutaneous connective tissue are exerted carefully.<\/p>\n<h4><strong>ADVANTAGES OF CONNECTIVE TISSUE MASSAGE:<\/strong><\/h4>\n<ul style=\"color: #8c807f;padding-top:10px;\">\n<li>arterial and venous circulatory disorders<\/li>\n<li>Diseases of the heart<\/li>\n<li>Respiratory diseases<\/li>\n<li>Kidney and urinary tract diseases<\/li>\n<li>Digestive system disorders<\/li>\n<li>Nervous system disorders<\/li>\n<li>rheumatic sciatica shape circles<\/li>\n<li>gynecological diseases<\/li>\n<\/ul>\n<p style=\"text-align: justify;\">also in all post-operative, post-traumatic orthopedic cases such as fractures, disc damage, osteoporosis, arthrosis, paralysis, acute lower back pain.<\/p>\n<\/div>\n<\/div>\n<\/div>\n<\/div>\n<\/div>\n<div  class=\"one withsmallpadding ppb_text\" style=\"text-align:left;padding:30px 0 30px 0;\" >\n<div class=\"standard_wrapper\">\n<div class=\"page_content_wrapper wide\">\n<div class=\"inner\">\n<div style=\"margin:auto;width:100%\">\n<h4><strong>WHAT IS CONNECTIVE TISSUE MASSAGE?<\/strong><\/h4>\n<p style=\"text-align: justify;\">The connective tissue massage affects the body cover. This therapy treats the skin, subcutaneous tissue, muscle fascia, ligaments and tendons. The connective tissue massage is based on natural stimulation of the central nervous system and the entire hormonal system. It also has a reflex effect on the function of the internal organs.<\/p>\n<p>The patients are treated with mechanical stretching stimuli and with the help of specific manual therapy. The idea behind these techniques is that the treatment not only triggers local effects, but: Via nerve stimuli such as reflexes, remote effects can also be achieved on internal organs. The connective tissue massage differs significantly from all other techniques that work with reflex zones in one fundamental main characteristic: tension and pressure on the skin and subcutaneous connective tissue are exerted carefully.<\/p>\n<h4><strong>ADVANTAGES OF CONNECTIVE TISSUE MASSAGE:<\/strong><\/h4>\n<ul style=\"color: #8c807f;padding-top:10px;\">\n<li>arterial and venous circulatory disorders<\/li>\n<li>Diseases of the heart<\/li>\n<li>Respiratory diseases<\/li>\n<li>Kidney and urinary tract diseases<\/li>\n<li>Digestive system disorders<\/li>\n<li>Nervous system disorders<\/li>\n<li>rheumatic sciatica shape circles<\/li>\n<li>gynecological diseases<\/li>\n<\/ul>\n<p style=\"text-align: justify;\">also in all post-operative, post-traumatic orthopedic cases such as fractures, disc damage, osteoporosis, arthrosis, paralysis, acute lower back pain.<\/p>\n<\/div>\n<\/div>\n<\/div>\n<\/div>\n<\/div>\n<div  class=\"one withsmallpadding ppb_text\" style=\"text-align:left;padding:30px 0 30px 0;\" >\n<div class=\"standard_wrapper\">\n<div class=\"page_content_wrapper wide\">\n<div class=\"inner\">\n<div style=\"margin:auto;width:100%\">\n<h4><strong>WHAT IS CONNECTIVE TISSUE MASSAGE?<\/strong><\/h4>\n<p style=\"text-align: justify;\">The connective tissue massage affects the body cover. This therapy treats the skin, subcutaneous tissue, muscle fascia, ligaments and tendons. The connective tissue massage is based on natural stimulation of the central nervous system and the entire hormonal system. It also has a reflex effect on the function of the internal organs.<\/p>\n<p>The patients are treated with mechanical stretching stimuli and with the help of specific manual therapy. The idea behind these techniques is that the treatment not only triggers local effects, but: Via nerve stimuli such as reflexes, remote effects can also be achieved on internal organs. The connective tissue massage differs significantly from all other techniques that work with reflex zones in one fundamental main characteristic: tension and pressure on the skin and subcutaneous connective tissue are exerted carefully.<\/p>\n<h4><strong>ADVANTAGES OF CONNECTIVE TISSUE MASSAGE:<\/strong><\/h4>\n<ul style=\"color: #8c807f;padding-top:10px;\">\n<li>arterial and venous circulatory disorders<\/li>\n<li>Diseases of the heart<\/li>\n<li>Respiratory diseases<\/li>\n<li>Kidney and urinary tract diseases<\/li>\n<li>Digestive system disorders<\/li>\n<li>Nervous system disorders<\/li>\n<li>rheumatic sciatica shape circles<\/li>\n<li>gynecological diseases<\/li>\n<\/ul>\n<p style=\"text-align: justify;\">also in all post-operative, post-traumatic orthopedic cases such as fractures, disc damage, osteoporosis, arthrosis, paralysis, acute lower back pain.<\/p>\n<\/div>\n<\/div>\n<\/div>\n<\/div>\n<\/div>","protected":false},"excerpt":{"rendered":"<p>Bindegewebsmassage WAS IST BINDEGEWEBSMASSAGE? Die Bindegewebsmassage beeinflusst die K\u00f6rperdecke. Diese Therapie behandelt Haut, Unterhaut, Muskelfaszien, B\u00e4nder und Sehnen. Die Bindegewebsmassage basiert auf einer nat\u00fcrlichen Stimulation des zentralen Nerven- und des gesamten Hormonsystems. Ausserdem erzeugt sie eine Reflexwirkung auf die Funktion [&hellip;]<\/p>","protected":false},"author":1,"featured_media":3078,"parent":0,"menu_order":0,"comment_status":"closed","ping_status":"closed","template":"","meta":{"footnotes":""},"class_list":["post-4242","page","type-page","status-publish","has-post-thumbnail","hentry"],"_links":{"self":[{"href":"https:\/\/dev.chispirit.ch\/en\/wp-json\/wp\/v2\/pages\/4242","targetHints":{"allow":["GET"]}}],"collection":[{"href":"https:\/\/dev.chispirit.ch\/en\/wp-json\/wp\/v2\/pages"}],"about":[{"href":"https:\/\/dev.chispirit.ch\/en\/wp-json\/wp\/v2\/types\/page"}],"author":[{"embeddable":true,"href":"https:\/\/dev.chispirit.ch\/en\/wp-json\/wp\/v2\/users\/1"}],"replies":[{"embeddable":true,"href":"https:\/\/dev.chispirit.ch\/en\/wp-json\/wp\/v2\/comments?post=4242"}],"version-history":[{"count":3,"href":"https:\/\/dev.chispirit.ch\/en\/wp-json\/wp\/v2\/pages\/4242\/revisions"}],"predecessor-version":[{"id":4641,"href":"https:\/\/dev.chispirit.ch\/en\/wp-json\/wp\/v2\/pages\/4242\/revisions\/4641"}],"wp:featuredmedia":[{"embeddable":true,"href":"https:\/\/dev.chispirit.ch\/en\/wp-json\/wp\/v2\/media\/3078"}],"wp:attachment":[{"href":"https:\/\/dev.chispirit.ch\/en\/wp-json\/wp\/v2\/media?parent=4242"}],"curies":[{"name":"wp","href":"https:\/\/api.w.org\/{rel}","templated":true}]}}