{"id":4072,"date":"2021-06-01T10:56:33","date_gmt":"2021-06-01T08:56:33","guid":{"rendered":"https:\/\/chispirit.ch\/?page_id=4072"},"modified":"2021-09-21T22:39:27","modified_gmt":"2021-09-21T20:39:27","slug":"tuina","status":"publish","type":"page","link":"https:\/\/dev.chispirit.ch\/en\/tuina\/","title":{"rendered":"Tuina Massage"},"content":{"rendered":"<div  class=\"one ppb_boxed_text_button\" style=\"margin-top:-32px;margin-bottom:60px;\" >\n<div class=\"ppb_boxed_text_button_wrapper\" style=\"background-color:#ffffff;\">\n<div class=\"ppb_boxed_text_button_content\" style=\"color:;\"><span class=\"ti-alarm-clock\" style=\"margin-right:10px;\"><\/span>We are open Mon-Fri 8:00 a.m. - 8:00 p.m., Sat 9:00 a.m. - 4:00 p.m.<\/div>\n<p><a href=\"https:\/\/dev.chispirit.ch\/en\/contact\/\" class=\"button\" style=\"background-color:#efa697;border-color:#efa697;color:#ffffff;\">Contact<\/a><\/div>\n<\/div>\n<div  class=\"one withsmallpadding ppb_header\" style=\"text-align:center;padding:0px 0 0px 0;margin-bottom:40px;\" >\n<div class=\"standard_wrapper\">\n<div class=\"page_content_wrapper wide\">\n<div class=\"inner\">\n<div style=\"margin:auto;width:90%\">\n<h2 class=\"ppb_title\" style=\"\">Tuina Massage<\/h2>\n<div class=\"page_tagline\" style=\"\">THE MOST COMMON TERM FOR PHYSICAL THERAPY IN CHINESE MEDICINE<\/div>\n<\/div>\n<\/div>\n<\/div>\n<\/div>\n<\/div>\n<div  class=\"one withsmallpadding ppb_text\" style=\"paddingtext-align:left;padding:10px 0 10px 0;\" >\n<div class=\"standard_wrapper\">\n<div class=\"page_content_wrapper wide\">\n<div class=\"inner\">\n<div style=\"margin:auto;width:100%\">\n<h4><strong>WHAT IS TUINA MASSAGE?<\/strong><\/h4>\n<p style=\"text-align: justify;\" class=\" translation-block\">The name <strong>Tuina<\/strong> comes from two of the actions: Tui means \u201cpush\u201d and Na means \u201clift and push\u201d. The Tuina or Tui-Na massage (pronounced twee-nah) originally comes from ancient China and is considered the oldest system of body work. Along with acupuncture, Qi Gong and Chinese herbal medicine, it is one of the four main branches of traditional Chinese medicine.<\/p>\n<p>It is based on the theory that imbalances in qi, the body's vital life force or energy, can cause blockages or imbalances that lead to symptoms such as pain and illness. Tuina massage stimulates the flow of qi (chi) to promote balance and harmony in the body, using many of the same acupuncture principles.<\/p>\n<p>It is similar to acupuncture in the way it targets specific acupuncture points, but practitioners use fingers instead of needles to apply pressure to stimulate those points. The Tuina massage is much more effective in combination with acupuncture.<\/p>\n<\/div>\n<\/div>\n<\/div>\n<\/div>\n<\/div>\n<div  class=\"one withsmallpadding ppb_text\" style=\"text-align:left;padding:10px 0 10px 0;\" >\n<div class=\"standard_wrapper\">\n<div class=\"page_content_wrapper wide\">\n<div class=\"inner\">\n<div style=\"margin:auto;width:100%\">\n<h4><strong>WIE FUNKTIONIERT DIE TUINA MASSAGE?<\/strong><\/h4>\n<p style=\"text-align: justify;\">The philosophy and principles of Tuina massage are based on traditional Chinese medicine, which focuses on the emotional and physical components of a person's wellbeing, as well as aspects such as climate, relationships, and diet. The underlying philosophy of Tuina massage is that true health is achieved when one has found harmony and balance in oneself and one's surroundings.<\/p>\n<p>The goal of Tuina massage is to create harmony in the yin and yang of the body by removing blockages and disorders that manifest as illness, disease and emotional problems. Similar to acupuncture, Tuina massage uses the same energetic meridians and acupuncture points to balance the qi and blood in your body, resulting in better health. Incorrectly flowing Qi can lead to blockages, e.g. B. poor blood flow to the affected area. The main therapeutic goal of Tuina massage is to remove the energetic blockages that cause Qi (Chi) stagnation.<\/p>\n<\/div>\n<\/div>\n<\/div>\n<\/div>\n<\/div>\n<div  class=\"one withsmallpadding ppb_text\" style=\"text-align:left;padding:10px 0 10px 0;\" >\n<div class=\"standard_wrapper\">\n<div class=\"page_content_wrapper wide\">\n<div class=\"inner\">\n<div style=\"margin:auto;width:100%\">\n<h4><strong>ADVANTAGES OF THE TUINA MASSAGE<\/strong><\/h4>\n<p style=\"text-align: justify;\">The Tuina massage can be used to treat pain and illness or to maintain health. The technique effectively reduces stress, promotes relaxation and deepens sleep. It is often used for diseases and injuries to the musculoskeletal and nervous system.<\/p>\n<p>Here are some conditions Tuina Massage can treat:<\/p>\n<\/div>\n<\/div>\n<\/div>\n<\/div>\n<\/div>\n<div class=\"standard_wrapper\">\n<div  class=\"one_third withsmallpadding ppb_text\" style=\"text-align:left;padding:5px 0 5px 0;\" >\n<div class=\"standard_wrapper\">\n<div class=\"page_content_wrapper wide\">\n<div class=\"inner\">\n<div style=\"margin:auto;width:80%\">\n<ul style=\"color: #8c807f;\">\n<li>Neck and back pain<\/li>\n<li>Musculoskeletal disorder<\/li>\n<li>Premenstrual syndrome<\/li>\n<li>Fatigue and insomnia<\/li>\n<li>Cranberry tunnel syndrome<\/li>\n<\/ul>\n<\/div>\n<\/div>\n<\/div>\n<\/div>\n<\/div>\n<\/div>\n<div class=\"standard_wrapper\">\n<div  class=\"one_third withsmallpadding ppb_text\" style=\"text-align:left;padding:5px 0 5px 0;\" >\n<div class=\"standard_wrapper\">\n<div class=\"page_content_wrapper wide\">\n<div class=\"inner\">\n<div style=\"margin:auto;width:80%\">\n<ul style=\"color: #8c807f;\">\n<li>headache<\/li>\n<li>Arthritis<\/li>\n<li>osteoporosis<\/li>\n<li>Stress<\/li>\n<li>Digestive conditions<\/li>\n<\/ul>\n<\/div>\n<\/div>\n<\/div>\n<\/div>\n<\/div>\n<\/div>\n<div class=\"standard_wrapper\">\n<div  class=\"one_third last withsmallpadding ppb_text\" style=\"text-align:left;padding:5px 0 5px 0;\" >\n<div class=\"standard_wrapper\">\n<div class=\"page_content_wrapper wide\">\n<div class=\"inner\">\n<div style=\"margin:auto;width:80%\">\n<ul style=\"color: #8c807f;\">\n<li>Respiratory diseases<\/li>\n<li>migraine<\/li>\n<li>constipation<\/li>\n<li>Fibromyalgia<\/li>\n<\/ul>\n<\/div>\n<\/div>\n<\/div>\n<\/div>\n<\/div>\n<\/div>\n<div class=\"divider one\">&nbsp;<\/div>\n<div class=\"standard_wrapper\">\n<div class=\"one withsmallpadding ppb_line_divider\"  style=\"text-align:center;padding:0px 0 0px 0;margin-bottom:20px;\" >\n<div class=\"page_content_wrapper wide\">\n<div class=\"inner\">\n<div class=\"line_divider_border\" style=\"width:100px;\"><\/div>\n<div class=\"line_divider_seperator\"><i class=\"fa fa-leaf\" style=\"color:#efa697;\"><\/i><\/div>\n<div class=\"line_divider_border\" style=\"width:100px;\"><\/div>\n<\/div>\n<\/div>\n<\/div>\n<\/div>\n<div  class=\"one ppb_card_two_cols_with_image ppb_pricing_card_with_image\" style=\"position:relative;padding:20px 0 20px 0;\" >\n<div class=\"standard_wrapper\">\n<div class=\"page_content_wrapper wide\">\n<div class=\"inner\">\n<div class=\"one_half parallax_scroll_image\" style=\"width:65%;\">\n<div class=\"image_classic_frame expand\">\n<div class=\"image_wrapper\"><img decoding=\"async\" src=\"https:\/\/dev.chispirit.ch\/wp-content\/uploads\/2021\/05\/Medizinische-Massage.jpg\" alt=\"\" class=\"portfolio_img\"\/><\/div>\n<\/div>\n<\/div>\n<div class=\"one_half last parallax_scroll parallax_text\" style=\"width:40%;position:absolute;padding:20px;background:#fff;\" data-stellar-ratio=\"1.3\">\n<h2 class=\"ppb_title\" style=\"\">Price<\/h2>\n<div class=\"line_divider_border theme_border\" style=\"width:50px;\"><\/div>\n<div class=\"line_divider_seperator\"><i class=\"fa fa-leaf skin_color\"><\/i><\/div>\n<div class=\"line_divider_border theme_border\" style=\"width:50px;\"><\/div>\n<div class=\"pricing_wrapper themeborder\">\n<div class=\"pricing_title_wrapper\">Tuina Massage<\/div>\n<div class=\"pricing_title_price skin_color\">CHF30.00<\/div>\n<div class=\"pricing_excerpt_wrapper\">10 MINUTES<\/div>\n<\/div>\n<div class=\"pricing_wrapper themeborder\">\n<div class=\"pricing_title_wrapper\">Tuina Massage<\/div>\n<div class=\"pricing_title_price skin_color\">CHF90.00<\/div>\n<div class=\"pricing_excerpt_wrapper\">30 MINUTES<\/div>\n<\/div>\n<div class=\"pricing_wrapper themeborder\">\n<div class=\"pricing_title_wrapper\">Tuina Massage<\/div>\n<div class=\"pricing_title_price skin_color\">CHF168.00<\/div>\n<div class=\"pricing_excerpt_wrapper\">60 MINUTES<\/div>\n<\/div>\n<\/div>\n<p><br class=\"clear\"\/><\/div>\n<\/div>\n<\/div>\n<\/div>\n<div class=\"divider one\">&nbsp;<\/div>","protected":false},"excerpt":{"rendered":"<p>Wir haben Mo-Fr 8:00 &#8211; 20:00 Uhr, Sa 9:00-16:00 Uhr ge\u00f6ffnet Kontaktieren Tuina Massage der g\u00e4ngigste Begriff f\u00fcr die Physiotherapie der chinesischen Medizin WAS IST TUINA MASSAGE? Der Name Tuina kommt aus zwei der Aktionen: Tui bedeutet &#8220;schieben&#8221; und Na [&hellip;]<\/p>","protected":false},"author":1,"featured_media":3689,"parent":0,"menu_order":0,"comment_status":"closed","ping_status":"closed","template":"","meta":{"footnotes":""},"class_list":["post-4072","page","type-page","status-publish","has-post-thumbnail","hentry"],"_links":{"self":[{"href":"https:\/\/dev.chispirit.ch\/en\/wp-json\/wp\/v2\/pages\/4072","targetHints":{"allow":["GET"]}}],"collection":[{"href":"https:\/\/dev.chispirit.ch\/en\/wp-json\/wp\/v2\/pages"}],"about":[{"href":"https:\/\/dev.chispirit.ch\/en\/wp-json\/wp\/v2\/types\/page"}],"author":[{"embeddable":true,"href":"https:\/\/dev.chispirit.ch\/en\/wp-json\/wp\/v2\/users\/1"}],"replies":[{"embeddable":true,"href":"https:\/\/dev.chispirit.ch\/en\/wp-json\/wp\/v2\/comments?post=4072"}],"version-history":[{"count":4,"href":"https:\/\/dev.chispirit.ch\/en\/wp-json\/wp\/v2\/pages\/4072\/revisions"}],"predecessor-version":[{"id":5013,"href":"https:\/\/dev.chispirit.ch\/en\/wp-json\/wp\/v2\/pages\/4072\/revisions\/5013"}],"wp:featuredmedia":[{"embeddable":true,"href":"https:\/\/dev.chispirit.ch\/en\/wp-json\/wp\/v2\/media\/3689"}],"wp:attachment":[{"href":"https:\/\/dev.chispirit.ch\/en\/wp-json\/wp\/v2\/media?parent=4072"}],"curies":[{"name":"wp","href":"https:\/\/api.w.org\/{rel}","templated":true}]}}