{"id":4009,"date":"2021-06-01T09:32:08","date_gmt":"2021-06-01T07:32:08","guid":{"rendered":"https:\/\/chispirit.ch\/?page_id=4009"},"modified":"2021-06-01T10:58:42","modified_gmt":"2021-06-01T08:58:42","slug":"akupunktur","status":"publish","type":"page","link":"https:\/\/dev.chispirit.ch\/en\/akupunktur\/","title":{"rendered":"Acupuncture"},"content":{"rendered":"<div  class=\"one ppb_boxed_text_button\" style=\"margin-top:-32px;margin-bottom:60px;\" >\n<div class=\"ppb_boxed_text_button_wrapper\" style=\"background-color:#ffffff;\">\n<div class=\"ppb_boxed_text_button_content\" style=\"color:;\"><span class=\"ti-alarm-clock\" style=\"margin-right:10px;\"><\/span>We are open Mon-Fri 8:00 a.m. - 8:00 p.m., Sat 9:00 a.m. - 4:00 p.m.<\/div>\n<p><a href=\"https:\/\/dev.chispirit.ch\/en\/contact\/\" class=\"button\" style=\"background-color:#efa697;border-color:#efa697;color:#ffffff;\">Contact<\/a><\/div>\n<\/div>\n<div  class=\"one withsmallpadding ppb_header\" style=\"text-align:center;padding:0px 0 0px 0;margin-bottom:40px;\" >\n<div class=\"standard_wrapper\">\n<div class=\"page_content_wrapper wide\">\n<div class=\"inner\">\n<div style=\"margin:auto;width:90%\">\n<h2 class=\"ppb_title\" style=\"\">Acupuncture Treatment<\/h2>\n<div class=\"page_tagline\" style=\"\">THE KEY COMPONENT OF TRADITIONAL CHINESE MEDICINE (TCM)<\/div>\n<\/div>\n<\/div>\n<\/div>\n<\/div>\n<\/div>\n<div  class=\"one withsmallpadding ppb_text\" style=\"paddingtext-align:left;padding:10px 0 10px 0;\" >\n<div class=\"standard_wrapper\">\n<div class=\"page_content_wrapper wide\">\n<div class=\"inner\">\n<div style=\"margin:auto;width:100%\">\n<h4><strong>WHAT IS ACUPUNCTURE?<\/strong><\/h4>\n<p style=\"text-align: justify;\">Acupuncture involves inserting very thin needles through your skin at strategic points on your body. Acupuncture is a key component of Traditional Chinese Medicine (TCM) and is most commonly used to treat pain. It is increasingly used for general wellbeing including stress management.<\/p>\n<p style=\"text-align: justify;\">Acupuncture is a minimally invasive method of stimulating nerve-rich areas of the skin surface, which creates a cascade of positive changes in the body in order to promote physiological functions, self-regulation and self-healing powers of the body. In other words, acupuncture relies largely on the body's own regulatory state in order to realize its therapeutic proposals. If the body's own natural healing abilities do not improve the state of health, other alternatives should be used in good time.<\/p>\n<p style=\"text-align: justify;\">Traditional Chinese Medicine (TCM) explains acupuncture as a technique for balancing the flow of energy or life - known as Qi (Chi), which is believed to flow through paths (meridians) in your body. By inserting needles into specific points along these meridians, acupuncture practitioners rebalance your energy flow.<\/p>\n<p style=\"text-align: justify;\">Your mood, mental health, and general well-being all affect your physical health. Acupuncture therefore aims to help people achieve balance or qi (chi) and, as a result, alleviate many diseases.<\/p>\n<p style=\"text-align: justify;\">Acupuncture works in three ways: as an analgesia, as a regulator of the physiological system, and as an amplifier of the immune defense system.<\/p>\n<\/div>\n<\/div>\n<\/div>\n<\/div>\n<\/div>\n<div  class=\"one withsmallpadding ppb_text\" style=\"text-align:left;padding:10px 0 10px 0;\" >\n<div class=\"standard_wrapper\">\n<div class=\"page_content_wrapper wide\">\n<div class=\"inner\">\n<div style=\"margin:auto;width:100%\">\n<h4><strong>APPLY TO:<\/strong><\/h4>\n<p style=\"text-align: justify;\">Acupuncture is primarily used to relieve ailments associated with a wide variety of diseases and conditions, including:<\/p>\n<ul style=\"color: #8c807f;\">\n<li>Chemotherapy-induced and postoperative nausea and vomiting<\/li>\n<li>Toothache<\/li>\n<li>Headaches, including tension headaches and migraines<\/li>\n<li>Labor pains<\/li>\n<li>Lower back pain<\/li>\n<li>Neck pain<\/li>\n<li>Osteoarthritis<\/li>\n<li>Menstrual cramps<\/li>\n<li>Respiratory diseases such as allergic rhinitis<\/li>\n<\/ul>\n<p>In 2003, the World Health Organization (WHO) listed a number of conditions for which acupuncture was shown to be effective. These include:<\/p>\n<\/div>\n<\/div>\n<\/div>\n<\/div>\n<\/div>\n<div class=\"standard_wrapper\">\n<div  class=\"one_half withsmallpadding ppb_text\" style=\"padding-left:60px;text-align:left;padding:5px 0 5px 0;\" >\n<div class=\"standard_wrapper\">\n<div class=\"page_content_wrapper wide\">\n<div class=\"inner\">\n<div style=\"margin:auto;width:80%\">\n<ul style=\"color: #8c807f;\">\n<li>Reducing the risk of stroke<\/li>\n<li>Induce work<\/li>\n<li>Fibromyalgia<\/li>\n<li>Neuralgie<\/li>\n<li>postoperative recovery<\/li>\n<li>Substance, tobacco and alcohol addiction<\/li>\n<li>Back pain<\/li>\n<li>Stiff neck<\/li>\n<li>vascular dementia<\/a><\/li>\n<li>Whooping cough or pertussis<\/li>\n<li>Tourette Syndrome<\/li>\n<li>Urinary tract infection<\/li>\n<li>Epidemic hemorrhagic fever<\/li>\n<\/ul>\n<\/div>\n<\/div>\n<\/div>\n<\/div>\n<\/div>\n<\/div>\n<div class=\"standard_wrapper\">\n<div  class=\"one_half last withsmallpadding ppb_text\" style=\"text-align:left;padding:5px 0 5px 0;\" >\n<div class=\"standard_wrapper\">\n<div class=\"page_content_wrapper wide\">\n<div class=\"inner\">\n<div style=\"margin:auto;width:80%\">\n<ul style=\"color: #8c807f;\">\n<li>high and low blood pressure<\/li>\n<li>Chemotherapy-induced nausea and vomiting<\/li>\n<li>some stomach upset, including stomach ulcer<\/li>\n<li>Ruhr<\/li>\n<li>Ruhr<\/li>\n<li>allergic rhinitis<\/li>\n<li>Facial pain<\/li>\n<li>morning sickness<\/li>\n<li>rheumatoide Arthritis<\/li>\n<li>Sprains<\/li>\n<li>Tennisarm<\/li>\n<li>Sciatica<\/li>\n<li>Toothache<\/li>\n<\/ul>\n<\/div>\n<\/div>\n<\/div>\n<\/div>\n<\/div>\n<\/div>\n<div class=\"divider one\">&nbsp;<\/div>\n<div class=\"standard_wrapper\">\n<div class=\"one withsmallpadding ppb_line_divider\"  style=\"text-align:center;padding:0px 0 0px 0;margin-bottom:20px;\" >\n<div class=\"page_content_wrapper wide\">\n<div class=\"inner\">\n<div class=\"line_divider_border\" style=\"width:100px;\"><\/div>\n<div class=\"line_divider_seperator\"><i class=\"fa fa-leaf\" style=\"color:#efa697;\"><\/i><\/div>\n<div class=\"line_divider_border\" style=\"width:100px;\"><\/div>\n<\/div>\n<\/div>\n<\/div>\n<\/div>\n<div  class=\"one ppb_card_two_cols_with_image ppb_pricing_card_with_image\" style=\"position:relative;padding:40px 0 40px 0;\" >\n<div class=\"standard_wrapper\">\n<div class=\"page_content_wrapper wide\">\n<div class=\"inner\">\n<div class=\"one_half parallax_scroll_image\" style=\"width:65%;\">\n<div class=\"image_classic_frame expand\">\n<div class=\"image_wrapper\"><img decoding=\"async\" src=\"https:\/\/dev.chispirit.ch\/wp-content\/uploads\/2021\/05\/akupunktur.jpg\" alt=\"\" class=\"portfolio_img\"\/><\/div>\n<\/div>\n<\/div>\n<div class=\"one_half last parallax_scroll parallax_text\" style=\"width:40%;position:absolute;padding:40px;background:#fff;\" data-stellar-ratio=\"1.3\">\n<h2 class=\"ppb_title\" style=\"\">Price<\/h2>\n<div class=\"line_divider_border theme_border\" style=\"width:50px;\"><\/div>\n<div class=\"line_divider_seperator\"><i class=\"fa fa-leaf skin_color\"><\/i><\/div>\n<div class=\"line_divider_border theme_border\" style=\"width:50px;\"><\/div>\n<div class=\"pricing_wrapper themeborder\">\n<div class=\"pricing_title_wrapper\">Acupuncture combination treatment for children under 12 years<\/div>\n<div class=\"pricing_title_price skin_color\">CHF120.00<\/div>\n<div class=\"pricing_excerpt_wrapper\">40 MINUTES<\/div>\n<\/div>\n<div class=\"pricing_wrapper themeborder\">\n<div class=\"pricing_title_wrapper\">Acupuncture with one or more additional treatments<\/div>\n<div class=\"pricing_title_price skin_color\">CHF160.00<\/div>\n<div class=\"pricing_excerpt_wrapper\">60 MINUTES<\/div>\n<\/div>\n<div class=\"pricing_wrapper themeborder\">\n<div class=\"pricing_title_wrapper\">Acupuncture Treatment<\/div>\n<div class=\"pricing_title_price skin_color\">CHF130.00<\/div>\n<div class=\"pricing_excerpt_wrapper\">50 MINUTES<\/div>\n<\/div>\n<\/div>\n<p><br class=\"clear\"\/><\/div>\n<\/div>\n<\/div>\n<\/div>\n<div class=\"divider one\">&nbsp;<\/div>","protected":false},"excerpt":{"rendered":"<p>Wir haben Mo-Fr 8:00 &#8211; 20:00 Uhr, Sa 9:00-16:00 Uhr ge\u00f6ffnet Kontaktieren Akupunktur Behandlung die Schl\u00fcsselkomponente der Traditionellen Chinesischen Medizin (TCM) WAS IST AKUPUNKTUR? Akupunktur beinhaltet das Einf\u00fchren sehr d\u00fcnner Nadeln durch Ihre Haut an strategischen Punkten Ihres K\u00f6rpers. Akupunktur [&hellip;]<\/p>","protected":false},"author":1,"featured_media":3689,"parent":0,"menu_order":0,"comment_status":"closed","ping_status":"closed","template":"","meta":{"footnotes":""},"class_list":["post-4009","page","type-page","status-publish","has-post-thumbnail","hentry"],"_links":{"self":[{"href":"https:\/\/dev.chispirit.ch\/en\/wp-json\/wp\/v2\/pages\/4009","targetHints":{"allow":["GET"]}}],"collection":[{"href":"https:\/\/dev.chispirit.ch\/en\/wp-json\/wp\/v2\/pages"}],"about":[{"href":"https:\/\/dev.chispirit.ch\/en\/wp-json\/wp\/v2\/types\/page"}],"author":[{"embeddable":true,"href":"https:\/\/dev.chispirit.ch\/en\/wp-json\/wp\/v2\/users\/1"}],"replies":[{"embeddable":true,"href":"https:\/\/dev.chispirit.ch\/en\/wp-json\/wp\/v2\/comments?post=4009"}],"version-history":[{"count":0,"href":"https:\/\/dev.chispirit.ch\/en\/wp-json\/wp\/v2\/pages\/4009\/revisions"}],"wp:featuredmedia":[{"embeddable":true,"href":"https:\/\/dev.chispirit.ch\/en\/wp-json\/wp\/v2\/media\/3689"}],"wp:attachment":[{"href":"https:\/\/dev.chispirit.ch\/en\/wp-json\/wp\/v2\/media?parent=4009"}],"curies":[{"name":"wp","href":"https:\/\/api.w.org\/{rel}","templated":true}]}}