{"id":3663,"date":"2021-05-21T15:45:59","date_gmt":"2021-05-21T13:45:59","guid":{"rendered":"https:\/\/chispirit.ch\/?page_id=3663"},"modified":"2022-02-24T12:46:37","modified_gmt":"2022-02-24T11:46:37","slug":"price-list","status":"publish","type":"page","link":"https:\/\/dev.chispirit.ch\/en\/price-list\/","title":{"rendered":"Price List"},"content":{"rendered":"<div  class=\"one withsmallpadding ppb_header\" style=\"text-align:center;padding:0px 0 0px 0;margin-top:40px;margin-bottom:10px;\" >\n<div class=\"standard_wrapper\">\n<div class=\"page_content_wrapper wide\">\n<div class=\"inner\">\n<div style=\"margin:auto;width:100%\">\n<h2 class=\"ppb_title\" style=\"\">TCM and Medical Treatments<\/h2>\n<div class=\"page_tagline\" style=\"\">RECOGNIZED BY HEALTH INSURANCE COMPANIES<\/div>\n<\/div>\n<\/div>\n<\/div>\n<\/div>\n<\/div>\n<div  class=\"one withsmallpadding ppb_text\" style=\"text-align:left;padding:20px 0 20px 0;\" >\n<div class=\"standard_wrapper\">\n<div class=\"page_content_wrapper wide\">\n<div class=\"inner\">\n<div style=\"margin:auto;width:100%\">\n<p>Our TCM therapists are recognized by EMR. Most supplementary insurances cover the cost of traditional Chinese medicine and medical treatments. The supplementary insurance does not require a medical prescription.<\/p>\n<p>We recommend that you check with your health insurer before the first treatment. If necessary, we will be happy to help you clarify your additional insurance.<\/p>\n<p>If you don't have insurance to cover the costs, you can pay for the treatments privately.<\/p>\n<\/div>\n<\/div>\n<\/div>\n<\/div>\n<\/div>\n<div class=\"standard_wrapper\">\n<div class=\"one withsmallpadding ppb_line_divider\"  style=\"text-align:center;padding:0px 0 0px 0;margin-bottom:40px;\" >\n<div class=\"page_content_wrapper wide\">\n<div class=\"inner\">\n<div class=\"line_divider_border\" style=\"width:100px;\"><\/div>\n<div class=\"line_divider_seperator\"><i class=\"fa fa-leaf\" style=\"color:#efa697;\"><\/i><\/div>\n<div class=\"line_divider_border\" style=\"width:100px;\"><\/div>\n<\/div>\n<\/div>\n<\/div>\n<\/div>\n<div class=\"standard_wrapper\">\n<div  class=\"one_half ppb_pricing_boxed\" >\n<div class=\"ppb_boxed_text_button_wrapper\" style=\"background-color:;\">\n<div class=\"ppb_boxed_text_button_content\" style=\"color:;text-align:center;padding:40px;\">\n<h2 class=\"ppb_title\" style=\"\">TCM Treatments<\/h2>\n<div class=\"line_divider_border theme_border\" style=\"width:50px;\"><\/div>\n<div class=\"line_divider_seperator\"><i class=\"fa fa-leaf skin_color\"><\/i><\/div>\n<div class=\"line_divider_border theme_border\" style=\"width:50px;\"><\/div>\n<div class=\"pricing_wrapper themeborder\">\n<div class=\"pricing_title_wrapper\">Surcharge for home visits<\/div>\n<div class=\"pricing_title_price skin_color\">CHF60.00<\/div>\n<\/div>\n<div class=\"pricing_wrapper themeborder\">\n<div class=\"pricing_title_wrapper\">TCM consultation and diagnosis (pulse and tongue diagnosis)<\/div>\n<div class=\"pricing_title_price skin_color\">CHF60.00<\/div>\n<\/div>\n<div class=\"pricing_wrapper themeborder\">\n<div class=\"pricing_title_wrapper\">TCM Herbal Medicine Recipe<\/div>\n<div class=\"pricing_title_price skin_color\">CHF30.00<\/div>\n<div class=\"pricing_excerpt_wrapper\">(INCL. DIAGNOSIS, EXCL. COSTS FOR HERBS)<\/div>\n<\/div>\n<div class=\"pricing_wrapper themeborder\">\n<div class=\"pricing_title_wrapper\">Acupuncture Only<\/div>\n<div class=\"pricing_title_price skin_color\">CHF120.00<\/div>\n<div class=\"pricing_excerpt_wrapper\">40 MINUTES<\/div>\n<\/div>\n<div class=\"pricing_wrapper themeborder\">\n<div class=\"pricing_title_wrapper\">Combination Treatment (Acupuncture combined with Tuina \/ Cupping \/ Moxa \/ Ear Acupuncture, etc.) (60 Minutes)<\/div>\n<div class=\"pricing_title_price skin_color\">CHF160.00<\/div>\n<\/div>\n<div class=\"pricing_wrapper themeborder\">\n<div class=\"pricing_title_wrapper\">Combination Treatment for Children under 12 years of age<\/div>\n<div class=\"pricing_title_price skin_color\">CHF90.00<\/div>\n<div class=\"pricing_excerpt_wrapper\">40 MINUTES<\/div>\n<\/div>\n<div class=\"pricing_wrapper themeborder\">\n<div class=\"pricing_title_wrapper\">Tuina Massage, Cupping, Moxibustion, Ear Acupuncture, Plum Blossom Needle, Electro Acupuncture (10 Minutes)<\/div>\n<div class=\"pricing_title_price skin_color\">CHF30.00<\/div>\n<\/div>\n<\/div>\n<\/div>\n<\/div>\n<\/div>\n<div class=\"standard_wrapper\">\n<div  class=\"one_half last ppb_pricing_boxed\" >\n<div class=\"ppb_boxed_text_button_wrapper\" style=\"background-color:;\">\n<div class=\"ppb_boxed_text_button_content\" style=\"color:;text-align:center;padding:40px;\">\n<h2 class=\"ppb_title\" style=\"\">Massage<\/h2>\n<div class=\"line_divider_border theme_border\" style=\"width:50px;\"><\/div>\n<div class=\"line_divider_seperator\"><i class=\"fa fa-leaf skin_color\"><\/i><\/div>\n<div class=\"line_divider_border theme_border\" style=\"width:50px;\"><\/div>\n<div class=\"pricing_wrapper themeborder\">\n<div class=\"pricing_title_wrapper\">Medical Treatment (Medical massage, Tuina \/ Foot Reflex Zone \/ Connective Tissue \/ Detox \/ Deacidification Massage, Pregnancy Massage) (recognized by health insurances) (30 Minutes)<\/div>\n<div class=\"pricing_title_price skin_color\">CHF80.00<\/div>\n<\/div>\n<div class=\"pricing_wrapper themeborder\">\n<div class=\"pricing_title_wrapper\">60 Minutes<\/div>\n<div class=\"pricing_title_price skin_color\">CHF138.00<\/div>\n<\/div>\n<div class=\"pricing_wrapper themeborder\">\n<div class=\"pricing_title_wrapper\">Wellness Massage (Classic Massage, Hot Stone Massage, Foot Reflex Zone Massage) (30 Minutes)<\/div>\n<div class=\"pricing_title_price skin_color\">CHF75.00<\/div>\n<\/div>\n<div class=\"pricing_wrapper themeborder\">\n<div class=\"pricing_title_wrapper\">60 Minutes<\/div>\n<div class=\"pricing_title_price skin_color\">CHF130.00<\/div>\n<\/div>\n<div class=\"pricing_wrapper themeborder\">\n<div class=\"pricing_title_wrapper\">Back, Neck and Shoulder Massage (Massage + Cupping)<\/div>\n<div class=\"pricing_title_price skin_color\">CHF75.00<\/div>\n<div class=\"pricing_excerpt_wrapper\">35 Minutes<\/div>\n<\/div>\n<div class=\"pricing_wrapper themeborder\">\n<div class=\"pricing_title_wrapper\">Maderotherapy<\/div>\n<div class=\"pricing_title_price skin_color\">CHF120.00<\/div>\n<div class=\"pricing_excerpt_wrapper\">60 Minutes<\/div>\n<\/div>\n<div class=\"pricing_wrapper themeborder\">\n<div class=\"pricing_title_wrapper\">Gesichtsmassage<\/div>\n<div class=\"pricing_title_price skin_color\">CHF85.00<\/div>\n<div class=\"pricing_excerpt_wrapper\">45 Minutes<\/div>\n<\/div>\n<div class=\"pricing_wrapper themeborder\">\n<div class=\"pricing_title_wrapper\">60 Minutes<\/div>\n<div class=\"pricing_title_price skin_color\">CHF120.00<\/div>\n<\/div>\n<\/div>\n<\/div>\n<\/div>\n<\/div>\n<div class=\"divider one\">&nbsp;<\/div>\n<div  class=\"one withsmallpadding ppb_text\" style=\"text-align:left;padding:20px 0 20px 0;\" >\n<div class=\"standard_wrapper\">\n<div class=\"page_content_wrapper wide\">\n<div class=\"inner\">\n<div style=\"margin:auto;width:100%\">\n<h4><strong>Remarks<\/strong><\/h4>\n<ul style=\"color: #8c807f; padding-top:20px;\">\n<li class=\" translation-block\">Please let us know as early as possible by phone or email if you cannot keep an appointment. Otherwise the appointments are canceled or postponed by the patient <strong>less than 24 hours<\/strong> in advance, CHF60.0 will be billed.<\/li>\n<li class=\" translation-block\"><strong>TCM treatment methods<\/strong> are put together individually for each patient. The total price will normally not exceed the upper limit of CHF 160 per treatment.<\/li>\n<li class=\" translation-block\">If you buy a <strong>massage subscription<\/strong> with 5 treatments, you will receive <strong>a voucher of CHF 50 (or 10% discount)<\/strong>.<\/li>\n<li class=\" translation-block\">When you buy a <strong> Massage Subscription <\/strong> with 10 treatments, you will receive <strong>a voucher of CHF 100 (or 10% discount)<\/strong>.<\/li>\n<li class=\" translation-block\">We recently offered patients <strong> home visits <\/strong>. This means that if your mobility is restricted, we would come straight to your home to treat you.<\/li>\n<\/ul>\n<\/div>\n<\/div>\n<\/div>\n<\/div>\n<\/div>\n<div class=\"divider one\">&nbsp;<\/div>\n<div class=\"standard_wrapper\">\n<div class=\"one withsmallpadding ppb_line_divider\"  style=\"text-align:center;padding:0px 0 0px 0;\" >\n<div class=\"page_content_wrapper wide\">\n<div class=\"inner\">\n<div class=\"line_divider_border\" style=\"width:100px;\"><\/div>\n<div class=\"line_divider_seperator\"><i class=\"fa fa-leaf\" style=\"color:#efa697;\"><\/i><\/div>\n<div class=\"line_divider_border\" style=\"width:100px;\"><\/div>\n<\/div>\n<\/div>\n<\/div>\n<\/div>\n<div class=\"divider one\">&nbsp;<\/div>","protected":false},"excerpt":{"rendered":"<p>TCM und medizinische Behandlungen Krankenkassen anerkannt Unsere TCM-Therapeuten sind von EMR anerkannt. Die meisten Zusatzversicherungen \u00fcbernehmen die Kosten f\u00fcr traditionelle chinesische Medizin und medizinische Behandlungen. Die Zusatzversicherung erfordert keine \u00e4rztliche Verordnung. Wir empfehlen Ihnen, sich vor der ersten Behandlung mit [&hellip;]<\/p>","protected":false},"author":1,"featured_media":3741,"parent":0,"menu_order":0,"comment_status":"closed","ping_status":"closed","template":"","meta":{"footnotes":""},"class_list":["post-3663","page","type-page","status-publish","has-post-thumbnail","hentry"],"_links":{"self":[{"href":"https:\/\/dev.chispirit.ch\/en\/wp-json\/wp\/v2\/pages\/3663","targetHints":{"allow":["GET"]}}],"collection":[{"href":"https:\/\/dev.chispirit.ch\/en\/wp-json\/wp\/v2\/pages"}],"about":[{"href":"https:\/\/dev.chispirit.ch\/en\/wp-json\/wp\/v2\/types\/page"}],"author":[{"embeddable":true,"href":"https:\/\/dev.chispirit.ch\/en\/wp-json\/wp\/v2\/users\/1"}],"replies":[{"embeddable":true,"href":"https:\/\/dev.chispirit.ch\/en\/wp-json\/wp\/v2\/comments?post=3663"}],"version-history":[{"count":14,"href":"https:\/\/dev.chispirit.ch\/en\/wp-json\/wp\/v2\/pages\/3663\/revisions"}],"predecessor-version":[{"id":5094,"href":"https:\/\/dev.chispirit.ch\/en\/wp-json\/wp\/v2\/pages\/3663\/revisions\/5094"}],"wp:featuredmedia":[{"embeddable":true,"href":"https:\/\/dev.chispirit.ch\/en\/wp-json\/wp\/v2\/media\/3741"}],"wp:attachment":[{"href":"https:\/\/dev.chispirit.ch\/en\/wp-json\/wp\/v2\/media?parent=3663"}],"curies":[{"name":"wp","href":"https:\/\/api.w.org\/{rel}","templated":true}]}}