{"id":3662,"date":"2021-05-21T15:45:27","date_gmt":"2021-05-21T13:45:27","guid":{"rendered":"https:\/\/chispirit.ch\/?page_id=3662"},"modified":"2021-06-25T09:47:13","modified_gmt":"2021-06-25T07:47:13","slug":"massage","status":"publish","type":"page","link":"https:\/\/dev.chispirit.ch\/en\/massage\/","title":{"rendered":"Massage"},"content":{"rendered":"<div  class=\"one fullwidth\">\n\t\t\t<!-- START Home 2 Slider REVOLUTION SLIDER 6.4.8 --><\/p>\n<p class=\"rs-p-wp-fix\">\n<p>\t\t\t<rs-module-wrap id=\"rev_slider_2_1_wrapper\" data-alias=\"home-2-slider\" data-source=\"gallery\" style=\"background:#000000;padding:0;\"><br \/>\n\t\t\t\t<rs-module id=\"rev_slider_2_1\" style=\"\" data-version=\"6.4.8\"><br \/>\n\t\t\t\t\t<rs-slides><br \/>\n\t\t\t\t\t\t<rs-slide data-key=\"rs-4\" data-title=\"Slide\" data-duration=\"6000ms\" data-in=\"o:0;\" data-out=\"a:false;\"><br \/>\n\t\t\t\t\t\t\t<img decoding=\"async\" src=\"\/\/chispirit.ch\/wp-content\/plugins\/revslider\/public\/assets\/assets\/dummy.png\" title=\"Massage\" class=\"rev-slidebg tp-rs-img rs-lazyload\" data-lazyload=\"\/\/chispirit.ch\/wp-content\/uploads\/2017\/06\/slide2-bg.jpg\" data-no-retina><br \/>\n<!--\n\t\t\t\t\t\t\t--><rs-layer\n\t\t\t\t\t\t\t\tid=\"slider-2-slide-4-layer-1\" \n\t\t\t\t\t\t\t\tdata-type=\"text\"\n\t\t\t\t\t\t\t\tdata-color=\"#ffffff\"\n\t\t\t\t\t\t\t\tdata-rsp_ch=\"on\"\n\t\t\t\t\t\t\t\tdata-xy=\"x:c;y:c;yo:37px;\"\n\t\t\t\t\t\t\t\tdata-text=\"s:50;l:22;ls:-1px;a:inherit;\"\n\t\t\t\t\t\t\t\tdata-frame_0=\"sX:0.8;sY:0.8;blu:10px;\"\n\t\t\t\t\t\t\t\tdata-frame_1=\"e:power4.out;st:2020;sp:1500;sR:2020;\"\n\t\t\t\t\t\t\t\tdata-frame_999=\"o:0;st:w;sp:1500;sR:2480;\"\n\t\t\t\t\t\t\t\tstyle=\"z-index:5;font-family:Nothing You Could Do;\"\n\t\t\t\t\t\t\t>with expertise and heart<br \/>\n\t\t\t\t\t\t\t<\/rs-layer><!--\n\n\t\t\t\t\t\t\t--><rs-layer\n\t\t\t\t\t\t\t\tid=\"slider-2-slide-4-layer-2\" \n\t\t\t\t\t\t\t\tdata-type=\"text\"\n\t\t\t\t\t\t\t\tdata-color=\"rgba(255, 255, 255, 1)\"\n\t\t\t\t\t\t\t\tdata-rsp_ch=\"on\"\n\t\t\t\t\t\t\t\tdata-xy=\"x:c;y:c;yo:-25px;\"\n\t\t\t\t\t\t\t\tdata-text=\"s:70;l:22;ls:-1px;a:inherit;\"\n\t\t\t\t\t\t\t\tdata-frame_0=\"sX:0.8;sY:0.8;blu:10px;\"\n\t\t\t\t\t\t\t\tdata-frame_1=\"e:power4.out;st:1000;sp:1500;sR:1000;\"\n\t\t\t\t\t\t\t\tdata-frame_999=\"o:0;st:w;sp:1500;sR:3500;\"\n\t\t\t\t\t\t\t\tstyle=\"z-index:6;font-family:Nothing You Could Do;\"\n\t\t\t\t\t\t\t>Heal, Relax and Refresh<br \/>\n\t\t\t\t\t\t\t<\/rs-layer><!--\n-->\t\t\t\t\t\t<\/rs-slide><br \/>\n\t\t\t\t\t<\/rs-slides><br \/>\n\t\t\t\t<\/rs-module><br \/>\n\t\t\t\t<script type=\"text\/javascript\">\n\t\t\t\t\tsetREVStartSize({c: 'rev_slider_2_1',rl:[1240,1024,778,480],el:[800],gw:[1240],gh:[800],type:'standard',justify:'',layout:'fullscreen',offsetContainer:'',offset:'',mh:\"0\"});\n\t\t\t\t\tvar\trevapi2,\n\t\t\t\t\t\ttpj;\n\t\t\t\t\tfunction revinit_revslider21() {\n\t\t\t\t\tjQuery(function() {\n\t\t\t\t\t\ttpj = jQuery;\n\t\t\t\t\t\trevapi2 = tpj(\"#rev_slider_2_1\");\n\t\t\t\t\t\tif(revapi2==undefined || revapi2.revolution == undefined){\n\t\t\t\t\t\t\trevslider_showDoubleJqueryError(\"rev_slider_2_1\");\n\t\t\t\t\t\t}else{\n\t\t\t\t\t\t\trevapi2.revolution({\n\t\t\t\t\t\t\t\tDPR:\"dpr\",\n\t\t\t\t\t\t\t\tsliderLayout:\"fullscreen\",\n\t\t\t\t\t\t\t\tvisibilityLevels:\"1240,1024,778,480\",\n\t\t\t\t\t\t\t\tgridwidth:1240,\n\t\t\t\t\t\t\t\tgridheight:800,\n\t\t\t\t\t\t\t\tlazyType:\"smart\",\n\t\t\t\t\t\t\t\tspinner:\"spinner3\",\n\t\t\t\t\t\t\t\tperspective:600,\n\t\t\t\t\t\t\t\tperspectiveType:\"local\",\n\t\t\t\t\t\t\t\teditorheight:\"800,768,960,720\",\n\t\t\t\t\t\t\t\tresponsiveLevels:\"1240,1024,778,480\",\n\t\t\t\t\t\t\t\tprogressBar:{disableProgressBar:true},\n\t\t\t\t\t\t\t\tnavigation: {\n\t\t\t\t\t\t\t\t\tonHoverStop:false\n\t\t\t\t\t\t\t\t},\n\t\t\t\t\t\t\t\tfallbacks: {\n\t\t\t\t\t\t\t\t\tallowHTML5AutoPlayOnAndroid:true\n\t\t\t\t\t\t\t\t},\n\t\t\t\t\t\t\t});\n\t\t\t\t\t\t}<\/p>\n<p>\t\t\t\t\t});\n\t\t\t\t\t} \/\/ End of RevInitScript\n\t\t\t\tvar once_revslider21 = false;\n\t\t\t\tif (document.readyState === \"loading\") {document.addEventListener('readystatechange',function() { if((document.readyState === \"interactive\" || document.readyState === \"complete\") && !once_revslider21 ) { once_revslider21 = true; revinit_revslider21();}});} else {once_revslider21 = true; revinit_revslider21();}\n\t\t\t\t<\/script><\/p>\n<style type=\"text\/css\">#rev_slider_2_1_wrapper rs-loader.spinner3 div{background-color:#efa697 !important}<\/style>\n<p>\t\t\t<\/rs-module-wrap><br \/>\n\t\t\t<!-- END REVOLUTION SLIDER -->\n<\/div>\n<div  class=\"one withsmallpadding ppb_header\" style=\"text-align:center;padding:40px 0 40px 0;\" >\n<div class=\"standard_wrapper\">\n<div class=\"page_content_wrapper wide\">\n<div class=\"inner\">\n<div style=\"margin:auto;width:100%\">\n<h2 class=\"ppb_title\" style=\"\">Massage<\/h2>\n<div class=\"page_tagline\" style=\"\">WELL-BEING FOR BODY AND SOUL<\/div>\n<\/div>\n<\/div>\n<\/div>\n<\/div>\n<\/div>\n<div  class=\"one withsmallpadding ppb_text\" style=\"text-align:left;padding:0px 0 0px 0;margin-bottom:40px;\" >\n<div class=\"standard_wrapper\">\n<div class=\"page_content_wrapper wide\">\n<div class=\"inner\">\n<div style=\"margin:auto;width:100%\">\n<p>At the beginning of all massage arts, it wasn't just about well-being, but about healing. Massages are one of the oldest forms of medical treatment. Today, massages have long ceased to be part of the medical profession, but are carried out by professional masseurs or physiotherapists. Massages can loosen muscles, relieve tension, reduce stress through relaxation and increase well-being.<\/p>\n<p>We bring the highest quality, professional competence and many years of experience to the treatment of our customers and patients. We treat our patients and help our customers to relax, and we have the appropriate health insurance-recognized certificates and diplomas.<\/p>\n<\/div>\n<\/div>\n<\/div>\n<\/div>\n<\/div>\n<div  class=\"one ppb_card_two_cols_with_image\" style=\"padding-top:0 !important;position:relative;padding:40px 0 40px 0;margin-bottom:60px;\" >\n<div class=\"standard_wrapper\">\n<div class=\"page_content_wrapper wide\">\n<div class=\"inner\">\n<div class=\"one_half parallax_scroll_image\" style=\"width:65%;\">\n<div class=\"image_classic_frame expand\">\n<div class=\"image_wrapper\"><img decoding=\"async\" src=\"https:\/\/dev.chispirit.ch\/wp-content\/uploads\/2017\/02\/LeSpa-02.jpg\" alt=\"\" class=\"portfolio_img\"\/><\/div>\n<\/div>\n<\/div>\n<div class=\"one_half last parallax_scroll parallax_text\" style=\"width:40%;position:absolute;padding:40px;background:#fff;\" data-stellar-ratio=\"1.3\">\n<h2 class=\"ppb_title\" style=\"\">Holistic Treatment<\/h2>\n<div class=\"ppb_header_content\">\n<p>The treatment not only works on the physical level, but with your willingness it can also include emotional issues such as fears, exhaustion, depression, sleep disorders, etc.<\/p>\n<\/div>\n<\/div>\n<p><br class=\"clear\"\/><\/div>\n<\/div>\n<\/div>\n<\/div>\n<\/div>\n<div  class=\"parallax\" style=\"background-image: url(https:\/\/themes.themegoods.com\/grandspa\/demo\/wp-content\/uploads\/2017\/06\/how-can-make-sure-prenatal-massage-safe-2160X1200.jpg);height:60vh; margin-bottom:20px;\"><\/div>\n<div  class=\"one withsmallpadding ppb_header\" style=\"text-align:center;padding:40px 0 40px 0;\" >\n<div class=\"standard_wrapper\">\n<div class=\"page_content_wrapper wide\">\n<div class=\"inner\">\n<div style=\"margin:auto;width:100%\">\n<h2 class=\"ppb_title\" style=\"\">Our Services<\/h2>\n<div class=\"page_tagline\" style=\"\">COME AND EXPERIENCE THE SECRETS OF RELAXATION<\/div>\n<\/div>\n<\/div>\n<\/div>\n<\/div>\n<\/div>\n<div class=\"standard_wrapper\">\n<div class=\"one withsmallpadding ppb_line_divider\"  style=\"text-align:center;padding:0px 0 0px 0;margin-bottom:40px;\" >\n<div class=\"page_content_wrapper wide\">\n<div class=\"inner\">\n<div class=\"line_divider_border\" style=\"width:100px;\"><\/div>\n<div class=\"line_divider_seperator\"><i class=\"fa fa-leaf\" style=\"color:#efa697;\"><\/i><\/div>\n<div class=\"line_divider_border\" style=\"width:100px;\"><\/div>\n<\/div>\n<\/div>\n<\/div>\n<\/div>\n<div class=\"divider one\">&nbsp;<\/div>\n<div class=\"standard_wrapper\">\n<div  class=\"ppb_image_boxed one_third\" style=\"\" >\n<div class=\"page_content_wrapper wide\">\n<div class=\"inner\">\n<div class=\"image_boxed_wrapper theme_radius\" style=\"text-align:center;>&#171;><img decoding=\"async\" src=\"https:\/\/dev.chispirit.ch\/wp-content\/uploads\/2021\/06\/Medizinische-Massage_small.png\" alt=\"\"\/><\/p>\n<div class=\"image_boxed_content\" style=\"padding:30px;\">\n<h3>Medical Massage<\/h3>\n<p><a class=\"readmore\" href=\"https:\/\/dev.chispirit.ch\/en\/medizinischemassage\/\">VIEW DETAILS<\/a><\/p>\n<\/div>\n<\/div>\n<\/div>\n<\/div>\n<\/div>\n<\/div>\n<div class=\"standard_wrapper\">\n<div  class=\"ppb_image_boxed one_third\" style=\"\" >\n<div class=\"page_content_wrapper wide\">\n<div class=\"inner\">\n<div class=\"image_boxed_wrapper theme_radius\" style=\"text-align:center;>&#171;><img decoding=\"async\" src=\"https:\/\/dev.chispirit.ch\/wp-content\/uploads\/2021\/06\/Klassische-Massage_small.png\" alt=\"\"\/><\/p>\n<div class=\"image_boxed_content\" style=\"padding:30px;\">\n<h3>Classic Massage<\/h3>\n<p><a class=\"readmore\" href=\"https:\/\/dev.chispirit.ch\/en\/klassischemassage\/\">VIEW DETAILS<\/a><\/p>\n<\/div>\n<\/div>\n<\/div>\n<\/div>\n<\/div>\n<\/div>\n<div class=\"standard_wrapper\">\n<div  class=\"ppb_image_boxed one_third last\" style=\"\" >\n<div class=\"page_content_wrapper wide\">\n<div class=\"inner\">\n<div class=\"image_boxed_wrapper theme_radius\" style=\"text-align:center;>&#171;><img decoding=\"async\" src=\"https:\/\/dev.chispirit.ch\/wp-content\/uploads\/2021\/06\/Tuina-Massage_small.png\" alt=\"\"\/><\/p>\n<div class=\"image_boxed_content\" style=\"padding:30px;\">\n<h3>Tuina Massage<\/h3>\n<p><a class=\"readmore\" href=\"https:\/\/dev.chispirit.ch\/en\/tuina\/\">VIEW DETAILS<\/a><\/p>\n<\/div>\n<\/div>\n<\/div>\n<\/div>\n<\/div>\n<\/div>\n<div class=\"standard_wrapper\">\n<div  class=\"ppb_image_boxed one_third\" style=\"\" >\n<div class=\"page_content_wrapper wide\">\n<div class=\"inner\">\n<div class=\"image_boxed_wrapper theme_radius\" style=\"text-align:center;>&#171;><img decoding=\"async\" src=\"https:\/\/dev.chispirit.ch\/wp-content\/uploads\/2021\/06\/Fussreflexzonenmassage_small.png\" alt=\"\"\/><\/p>\n<div class=\"image_boxed_content\" style=\"padding:30px;\">\n<h3>Reflexology<\/h3>\n<p><a class=\"readmore\" href=\"https:\/\/dev.chispirit.ch\/en\/fussreflexzonenmassage\/\">VIEW DETAILS<\/a><\/p>\n<\/div>\n<\/div>\n<\/div>\n<\/div>\n<\/div>\n<\/div>\n<div class=\"standard_wrapper\">\n<div  class=\"ppb_image_boxed one_third\" style=\"\" >\n<div class=\"page_content_wrapper wide\">\n<div class=\"inner\">\n<div class=\"image_boxed_wrapper theme_radius\" style=\"text-align:center;>&#171;><img decoding=\"async\" src=\"https:\/\/dev.chispirit.ch\/wp-content\/uploads\/2021\/05\/Bindegewebsmassage.jpg\" alt=\"\"\/><\/p>\n<div class=\"image_boxed_content\" style=\"padding:30px;\">\n<h3>Connective Tissue Massage<\/h3>\n<p><a class=\"readmore\" href=\"https:\/\/dev.chispirit.ch\/en\/bindegewebsmassage\/\">VIEW DETAILS<\/a><\/p>\n<\/div>\n<\/div>\n<\/div>\n<\/div>\n<\/div>\n<\/div>\n<div class=\"standard_wrapper\">\n<div  class=\"ppb_image_boxed one_third last\" style=\"\" >\n<div class=\"page_content_wrapper wide\">\n<div class=\"inner\">\n<div class=\"image_boxed_wrapper theme_radius\" style=\"text-align:center;>&#171;><img decoding=\"async\" src=\"https:\/\/dev.chispirit.ch\/wp-content\/uploads\/2021\/06\/Detox-Entsauerungsmassage_small.png\" alt=\"\"\/><\/p>\n<div class=\"image_boxed_content\" style=\"padding:30px;\">\n<h3>Detox-\/Deacidification Massage<\/h3>\n<p><a class=\"readmore\" href=\"https:\/\/dev.chispirit.ch\/en\/detoxmassage\/\">VIEW DETAILS<\/a><\/p>\n<\/div>\n<\/div>\n<\/div>\n<\/div>\n<\/div>\n<\/div>\n<div class=\"standard_wrapper\">\n<div  class=\"ppb_image_boxed one_third\" style=\"\" >\n<div class=\"page_content_wrapper wide\">\n<div class=\"inner\">\n<div class=\"image_boxed_wrapper theme_radius\" style=\"text-align:center;>&#171;><img decoding=\"async\" src=\"https:\/\/dev.chispirit.ch\/wp-content\/uploads\/2021\/06\/Hot-Stone-Massage_small.png\" alt=\"\"\/><\/p>\n<div class=\"image_boxed_content\" style=\"padding:30px;\">\n<h3>Hot Stone Massage<\/h3>\n<p><a class=\"readmore\" href=\"https:\/\/dev.chispirit.ch\/en\/hotstonemassage\/\">VIEW DETAILS<\/a><\/p>\n<\/div>\n<\/div>\n<\/div>\n<\/div>\n<\/div>\n<\/div>\n<div class=\"standard_wrapper\">\n<div  class=\"ppb_image_boxed one_third\" style=\"\" >\n<div class=\"page_content_wrapper wide\">\n<div class=\"inner\">\n<div class=\"image_boxed_wrapper theme_radius\" style=\"text-align:center;>&#171;><img decoding=\"async\" src=\"https:\/\/dev.chispirit.ch\/wp-content\/uploads\/2021\/06\/Schwangerschaftsmassage_small.jpg\" alt=\"\"\/><\/p>\n<div class=\"image_boxed_content\" style=\"padding:30px;\">\n<h3>Pregnancy Massage<\/h3>\n<p><a class=\"readmore\" href=\"https:\/\/dev.chispirit.ch\/en\/schwangerschaftsmassage\/\">VIEW DETAILS<\/a><\/p>\n<\/div>\n<\/div>\n<\/div>\n<\/div>\n<\/div>\n<\/div>\n<div class=\"standard_wrapper\">\n<div  class=\"ppb_image_boxed one_third last\" style=\"\" >\n<div class=\"page_content_wrapper wide\">\n<div class=\"inner\">\n<div class=\"image_boxed_wrapper theme_radius\" style=\"text-align:center;>&#171;><img decoding=\"async\" src=\"https:\/\/dev.chispirit.ch\/wp-content\/uploads\/2021\/06\/ruckennackenshultermassage_small.png\" alt=\"\"\/><\/p>\n<div class=\"image_boxed_content\" style=\"padding:30px;\">\n<h3>Back, Neck and Shoulder Massage<\/h3>\n<p><a class=\"readmore\" href=\"https:\/\/dev.chispirit.ch\/en\/rueckennackenschultermassage\/\">VIEW DETAILS<\/a><\/p>\n<\/div>\n<\/div>\n<\/div>\n<\/div>\n<\/div>\n<\/div>\n<div class=\"standard_wrapper\">\n<div  class=\"ppb_image_boxed one_third\" style=\"\" >\n<div class=\"page_content_wrapper wide\">\n<div class=\"inner\">\n<div class=\"image_boxed_wrapper theme_radius\" style=\"text-align:center;>&#171;><img decoding=\"async\" src=\"https:\/\/dev.chispirit.ch\/wp-content\/uploads\/2021\/06\/Maderotherapie4_600.png\" alt=\"\"\/><\/p>\n<div class=\"image_boxed_content\" style=\"padding:30px;\">\n<h3>Maderotherapy<\/h3>\n<p><a class=\"readmore\" href=\"https:\/\/dev.chispirit.ch\/en\/maderotherapie\/\">VIEW DETAILS<\/a><\/p>\n<\/div>\n<\/div>\n<\/div>\n<\/div>\n<\/div>\n<\/div>\n<div class=\"divider one\">&nbsp;<\/div>\n<div class=\"divider one\">&nbsp;<\/div>","protected":false},"excerpt":{"rendered":"<p>mit Fachkompetenz und Herz Heilen, Entspannen und Erfrischen Massage Wohlbefinden f\u00fcr K\u00f6rper und Seele Zu Beginn aller Massagek\u00fcnste ging es nicht allein ums Wohlbefinden, sondern ums Heilen. Massagen geh\u00f6ren zu den \u00e4ltesten Formen medizinischer Behandlung. Heute geh\u00f6ren Massagen l\u00e4ngst nicht [&hellip;]<\/p>","protected":false},"author":1,"featured_media":0,"parent":0,"menu_order":0,"comment_status":"closed","ping_status":"closed","template":"","meta":{"footnotes":""},"class_list":["post-3662","page","type-page","status-publish","hentry"],"_links":{"self":[{"href":"https:\/\/dev.chispirit.ch\/en\/wp-json\/wp\/v2\/pages\/3662","targetHints":{"allow":["GET"]}}],"collection":[{"href":"https:\/\/dev.chispirit.ch\/en\/wp-json\/wp\/v2\/pages"}],"about":[{"href":"https:\/\/dev.chispirit.ch\/en\/wp-json\/wp\/v2\/types\/page"}],"author":[{"embeddable":true,"href":"https:\/\/dev.chispirit.ch\/en\/wp-json\/wp\/v2\/users\/1"}],"replies":[{"embeddable":true,"href":"https:\/\/dev.chispirit.ch\/en\/wp-json\/wp\/v2\/comments?post=3662"}],"version-history":[{"count":13,"href":"https:\/\/dev.chispirit.ch\/en\/wp-json\/wp\/v2\/pages\/3662\/revisions"}],"predecessor-version":[{"id":4882,"href":"https:\/\/dev.chispirit.ch\/en\/wp-json\/wp\/v2\/pages\/3662\/revisions\/4882"}],"wp:attachment":[{"href":"https:\/\/dev.chispirit.ch\/en\/wp-json\/wp\/v2\/media?parent=3662"}],"curies":[{"name":"wp","href":"https:\/\/api.w.org\/{rel}","templated":true}]}}